{"id":2004,"date":"2022-04-27T13:36:56","date_gmt":"2022-04-27T13:36:56","guid":{"rendered":"http:\/\/sw-themes.com\/porto_dummy\/?page_id=2004"},"modified":"2023-09-14T12:39:40","modified_gmt":"2023-09-14T09:39:40","slug":"about","status":"publish","type":"page","link":"https:\/\/www.radmon.net\/?page_id=2004","title":{"rendered":"Hakk\u0131m\u0131zda"},"content":{"rendered":"\t\t<div data-elementor-type=\"wp-page\" data-elementor-id=\"2004\" class=\"elementor elementor-2004\">\n\t\t\t\t\t\t<section class=\"elementor-section elementor-top-section elementor-element elementor-element-003b25f elementor-section-boxed elementor-section-height-default elementor-section-height-default\" data-id=\"003b25f\" data-element_type=\"section\">\r\n\t\t\r\n\t\t\t\t\t\t\t<div class=\"elementor-container elementor-column-gap-default\">\r\n\t\t\t\t\t\t\t\t<div class=\"elementor-row\">\r\n\t\t\t\t\t\t\t<div class=\"elementor-column elementor-col-100 elementor-top-column elementor-element elementor-element-f8ace2a\" data-id=\"f8ace2a\" data-element_type=\"column\">\r\n\t\t\t\t\t<div class=\"elementor-column-wrap elementor-element-populated\">\r\n\t\t\t\t\t\t\t<div class=\"elementor-widget-wrap\">\r\n\t\t\t\t\t\t<div class=\"elementor-element elementor-element-381ea97 elementor-widget-divider--view-line elementor-widget elementor-widget-divider\" data-id=\"381ea97\" data-element_type=\"widget\" data-widget_type=\"divider.default\">\n\t\t\t\t<div class=\"elementor-widget-container\">\n\t\t\t<style>\/*! elementor - v3.21.0 - 30-04-2024 *\/\n.elementor-widget-divider{--divider-border-style:none;--divider-border-width:1px;--divider-color:#0c0d0e;--divider-icon-size:20px;--divider-element-spacing:10px;--divider-pattern-height:24px;--divider-pattern-size:20px;--divider-pattern-url:none;--divider-pattern-repeat:repeat-x}.elementor-widget-divider .elementor-divider{display:flex}.elementor-widget-divider .elementor-divider__text{font-size:15px;line-height:1;max-width:95%}.elementor-widget-divider .elementor-divider__element{margin:0 var(--divider-element-spacing);flex-shrink:0}.elementor-widget-divider .elementor-icon{font-size:var(--divider-icon-size)}.elementor-widget-divider .elementor-divider-separator{display:flex;margin:0;direction:ltr}.elementor-widget-divider--view-line_icon .elementor-divider-separator,.elementor-widget-divider--view-line_text .elementor-divider-separator{align-items:center}.elementor-widget-divider--view-line_icon .elementor-divider-separator:after,.elementor-widget-divider--view-line_icon .elementor-divider-separator:before,.elementor-widget-divider--view-line_text .elementor-divider-separator:after,.elementor-widget-divider--view-line_text .elementor-divider-separator:before{display:block;content:\"\";border-block-end:0;flex-grow:1;border-block-start:var(--divider-border-width) var(--divider-border-style) var(--divider-color)}.elementor-widget-divider--element-align-left .elementor-divider .elementor-divider-separator>.elementor-divider__svg:first-of-type{flex-grow:0;flex-shrink:100}.elementor-widget-divider--element-align-left .elementor-divider-separator:before{content:none}.elementor-widget-divider--element-align-left .elementor-divider__element{margin-left:0}.elementor-widget-divider--element-align-right .elementor-divider .elementor-divider-separator>.elementor-divider__svg:last-of-type{flex-grow:0;flex-shrink:100}.elementor-widget-divider--element-align-right .elementor-divider-separator:after{content:none}.elementor-widget-divider--element-align-right .elementor-divider__element{margin-right:0}.elementor-widget-divider--element-align-start .elementor-divider .elementor-divider-separator>.elementor-divider__svg:first-of-type{flex-grow:0;flex-shrink:100}.elementor-widget-divider--element-align-start .elementor-divider-separator:before{content:none}.elementor-widget-divider--element-align-start .elementor-divider__element{margin-inline-start:0}.elementor-widget-divider--element-align-end .elementor-divider .elementor-divider-separator>.elementor-divider__svg:last-of-type{flex-grow:0;flex-shrink:100}.elementor-widget-divider--element-align-end .elementor-divider-separator:after{content:none}.elementor-widget-divider--element-align-end .elementor-divider__element{margin-inline-end:0}.elementor-widget-divider:not(.elementor-widget-divider--view-line_text):not(.elementor-widget-divider--view-line_icon) .elementor-divider-separator{border-block-start:var(--divider-border-width) var(--divider-border-style) var(--divider-color)}.elementor-widget-divider--separator-type-pattern{--divider-border-style:none}.elementor-widget-divider--separator-type-pattern.elementor-widget-divider--view-line .elementor-divider-separator,.elementor-widget-divider--separator-type-pattern:not(.elementor-widget-divider--view-line) .elementor-divider-separator:after,.elementor-widget-divider--separator-type-pattern:not(.elementor-widget-divider--view-line) .elementor-divider-separator:before,.elementor-widget-divider--separator-type-pattern:not([class*=elementor-widget-divider--view]) .elementor-divider-separator{width:100%;min-height:var(--divider-pattern-height);-webkit-mask-size:var(--divider-pattern-size) 100%;mask-size:var(--divider-pattern-size) 100%;-webkit-mask-repeat:var(--divider-pattern-repeat);mask-repeat:var(--divider-pattern-repeat);background-color:var(--divider-color);-webkit-mask-image:var(--divider-pattern-url);mask-image:var(--divider-pattern-url)}.elementor-widget-divider--no-spacing{--divider-pattern-size:auto}.elementor-widget-divider--bg-round{--divider-pattern-repeat:round}.rtl .elementor-widget-divider .elementor-divider__text{direction:rtl}.e-con-inner>.elementor-widget-divider,.e-con>.elementor-widget-divider{width:var(--container-widget-width,100%);--flex-grow:var(--container-widget-flex-grow)}<\/style>\t\t<div class=\"elementor-divider\">\n\t\t\t<span class=\"elementor-divider-separator\">\n\t\t\t\t\t\t<\/span>\n\t\t<\/div>\n\t\t\t\t<\/div>\n\t\t\t\t<\/div>\n\t\t\t\t\t\t<\/div>\r\n\t\t\t\t\t<\/div>\r\n\t\t\t\t<\/div>\r\n\t\t\t\t\t<\/div>\r\n\t\t\t\t\t<\/div>\r\n\t\t\t\t<\/section>\r\n\t\t\t\t<section class=\"elementor-section elementor-top-section elementor-element elementor-element-eefad5b elementor-section-boxed elementor-section-height-default elementor-section-height-default\" data-id=\"eefad5b\" data-element_type=\"section\">\r\n\t\t\r\n\t\t\t\t\t\t\t<div class=\"elementor-container elementor-column-gap-default\">\r\n\t\t\t\t\t\t\t\t<div class=\"elementor-row\">\r\n\t\t\t\t\t\t\t<div class=\"elementor-column elementor-col-100 elementor-top-column elementor-element elementor-element-023b468\" data-id=\"023b468\" data-element_type=\"column\">\r\n\t\t\t\t\t<div class=\"elementor-column-wrap elementor-element-populated\">\r\n\t\t\t\t\t\t\t<div class=\"elementor-widget-wrap\">\r\n\t\t\t\t\t\t<div class=\"elementor-element elementor-element-c21cf04 e-transform elementor-invisible elementor-widget elementor-widget-testimonial\" data-id=\"c21cf04\" data-element_type=\"widget\" data-settings=\"{&quot;_animation&quot;:&quot;fadeIn&quot;,&quot;_animation_delay&quot;:100,&quot;_transform_rotateZ_effect&quot;:{&quot;unit&quot;:&quot;px&quot;,&quot;size&quot;:&quot;&quot;,&quot;sizes&quot;:[]},&quot;_transform_rotateZ_effect_tablet&quot;:{&quot;unit&quot;:&quot;deg&quot;,&quot;size&quot;:&quot;&quot;,&quot;sizes&quot;:[]},&quot;_transform_rotateZ_effect_mobile&quot;:{&quot;unit&quot;:&quot;deg&quot;,&quot;size&quot;:&quot;&quot;,&quot;sizes&quot;:[]}}\" data-widget_type=\"testimonial.default\">\n\t\t\t\t<div class=\"elementor-widget-container\">\n\t\t\t<style>\/*! elementor - v3.21.0 - 30-04-2024 *\/\n.elementor-testimonial-wrapper{overflow:hidden;text-align:center}.elementor-testimonial-wrapper .elementor-testimonial-content{font-size:1.3em;margin-bottom:20px}.elementor-testimonial-wrapper .elementor-testimonial-name{line-height:1.5;display:block}.elementor-testimonial-wrapper .elementor-testimonial-job{font-size:.85em;display:block}.elementor-testimonial-wrapper .elementor-testimonial-meta{width:100%;line-height:1}.elementor-testimonial-wrapper .elementor-testimonial-meta-inner{display:inline-block}.elementor-testimonial-wrapper .elementor-testimonial-meta .elementor-testimonial-details,.elementor-testimonial-wrapper .elementor-testimonial-meta .elementor-testimonial-image{display:table-cell;vertical-align:middle}.elementor-testimonial-wrapper .elementor-testimonial-meta .elementor-testimonial-image img{width:60px;height:60px;border-radius:50%;-o-object-fit:cover;object-fit:cover;max-width:none}.elementor-testimonial-wrapper .elementor-testimonial-meta.elementor-testimonial-image-position-aside .elementor-testimonial-image{padding-inline-end:15px}.elementor-testimonial-wrapper .elementor-testimonial-meta.elementor-testimonial-image-position-aside .elementor-testimonial-details{text-align:start}.elementor-testimonial-wrapper .elementor-testimonial-meta.elementor-testimonial-image-position-top .elementor-testimonial-details,.elementor-testimonial-wrapper .elementor-testimonial-meta.elementor-testimonial-image-position-top .elementor-testimonial-image{display:block}.elementor-testimonial-wrapper .elementor-testimonial-meta.elementor-testimonial-image-position-top .elementor-testimonial-image{margin-bottom:20px}<\/style>\t\t<div class=\"elementor-testimonial-wrapper\">\n\t\t\t\t\t\t\t<div class=\"elementor-testimonial-content\">Durmadan, Y\u0131lmadan, \u00c7al\u0131\u015farak Daha \u0130yi Yar\u0131nlar \u0130\u00e7in..<\/div>\n\t\t\t\n\t\t\t\t\t\t<div class=\"elementor-testimonial-meta elementor-has-image elementor-testimonial-image-position-top\">\n\t\t\t\t<div class=\"elementor-testimonial-meta-inner\">\n\t\t\t\t\t\t\t\t\t\t\t<div class=\"elementor-testimonial-image\">\n\t\t\t\t\t\t\t<img fetchpriority=\"high\" decoding=\"async\" width=\"300\" height=\"300\" src=\"https:\/\/www.radmon.net\/wp-content\/uploads\/2023\/07\/RadmonLogo300x300.png\" class=\"attachment-full size-full wp-image-2504\" alt=\"\" \/>\t\t\t\t\t\t<\/div>\n\t\t\t\t\t\n\t\t\t\t\t\t\t\t\t\t<div class=\"elementor-testimonial-details\">\n\t\t\t\t\t\t\t\t\t\t\t\t\t\t<div class=\"elementor-testimonial-name\">RADMON<\/div>\n\t\t\t\t\t\t\t\t\t\t\t\t\t\t\t\t\t\t\t\t\t\t<div class=\"elementor-testimonial-job\">Radyasyon \u00d6l\u00e7\u00fcm Cihazlar\u0131<\/div>\n\t\t\t\t\t\t\t\t\t\t\t\t\t<\/div>\n\t\t\t\t\t\t\t\t\t<\/div>\n\t\t\t<\/div>\n\t\t\t\t\t<\/div>\n\t\t\t\t<\/div>\n\t\t\t\t<\/div>\n\t\t\t\t\t\t<\/div>\r\n\t\t\t\t\t<\/div>\r\n\t\t\t\t<\/div>\r\n\t\t\t\t\t<\/div>\r\n\t\t\t\t\t<\/div>\r\n\t\t\t\t<\/section>\r\n\t\t\t\t<section class=\"elementor-section elementor-top-section elementor-element elementor-element-5f3af41 elementor-section-boxed elementor-section-height-default elementor-section-height-default\" data-id=\"5f3af41\" data-element_type=\"section\">\r\n\t\t\r\n\t\t\t\t\t\t\t<div class=\"elementor-container elementor-column-gap-default\">\r\n\t\t\t\t\t\t\t\t<div class=\"elementor-row\">\r\n\t\t\t\t\t\t\t<div class=\"elementor-column elementor-col-100 elementor-top-column elementor-element elementor-element-305991e\" data-id=\"305991e\" data-element_type=\"column\">\r\n\t\t\t\t\t<div class=\"elementor-column-wrap elementor-element-populated\">\r\n\t\t\t\t\t\t\t<div class=\"elementor-widget-wrap\">\r\n\t\t\t\t\t\t<div class=\"elementor-element elementor-element-a86f08f elementor-widget-divider--view-line elementor-widget elementor-widget-divider\" data-id=\"a86f08f\" data-element_type=\"widget\" data-widget_type=\"divider.default\">\n\t\t\t\t<div class=\"elementor-widget-container\">\n\t\t\t\t\t<div class=\"elementor-divider\">\n\t\t\t<span class=\"elementor-divider-separator\">\n\t\t\t\t\t\t<\/span>\n\t\t<\/div>\n\t\t\t\t<\/div>\n\t\t\t\t<\/div>\n\t\t\t\t\t\t<\/div>\r\n\t\t\t\t\t<\/div>\r\n\t\t\t\t<\/div>\r\n\t\t\t\t\t<\/div>\r\n\t\t\t\t\t<\/div>\r\n\t\t\t\t<\/section>\r\n\t\t\t\t<section class=\"elementor-section elementor-top-section elementor-element elementor-element-7a2da70 elementor-section-boxed elementor-section-height-default elementor-section-height-default\" data-id=\"7a2da70\" data-element_type=\"section\">\r\n\t\t\r\n\t\t\t\t\t\t\t<div class=\"elementor-container elementor-column-gap-default\">\r\n\t\t\t\t\t\t\t\t<div class=\"elementor-row\">\r\n\t\t\t\t\t\t\t<div class=\"elementor-column elementor-col-50 elementor-top-column elementor-element elementor-element-8bdd676\" data-id=\"8bdd676\" data-element_type=\"column\">\r\n\t\t\t\t\t<div class=\"elementor-column-wrap elementor-element-populated\">\r\n\t\t\t\t\t\t\t<div class=\"elementor-widget-wrap\">\r\n\t\t\t\t\t\t<div class=\"elementor-element elementor-element-914f32d elementor-widget elementor-widget-porto_ultimate_heading\" data-id=\"914f32d\" data-element_type=\"widget\" data-widget_type=\"porto_ultimate_heading.default\">\n\t\t\t\t<div class=\"elementor-widget-container\">\n\t\t\t<div class=\"porto-u-heading  porto-u-3554\"><div class=\"porto-u-sub-heading\" style=\"\"><h3 style=\"text-align: left;\"><span style=\"font-size: 20px;\">Biz Kimiz?<\/span><\/h3><p style=\"text-align: left;\"><strong>Radmon<\/strong> Radyasyon \u00d6l\u00e7\u00fcm Sistemleri Sanayi ve Ticaret A.\u015e., radyasyon \u00f6l\u00e7\u00fcm\u00fc ve g\u00fcvenli\u011fi alan\u0131nda lider bir \u015firkettir. M\u00fc\u015fterilerimize y\u00fcksek kaliteli radyasyon \u00f6l\u00e7\u00fcm cihazlar\u0131, kalibrasyon hizmetleri, cihaz bak\u0131m\u0131, onar\u0131m\u0131 ve e\u011fitim \u00e7\u00f6z\u00fcmleri sunmaktay\u0131z.<\/p><\/div><style>.porto-u-3554.porto-u-heading{text-align:center}<\/style><\/div>\t\t<\/div>\n\t\t\t\t<\/div>\n\t\t\t\t\t\t<\/div>\r\n\t\t\t\t\t<\/div>\r\n\t\t\t\t<\/div>\r\n\t\t\t\t<div class=\"elementor-column elementor-col-50 elementor-top-column elementor-element elementor-element-5ad6bdf\" data-id=\"5ad6bdf\" data-element_type=\"column\">\r\n\t\t\t\t\t<div class=\"elementor-column-wrap elementor-element-populated\">\r\n\t\t\t\t\t\t\t<div class=\"elementor-widget-wrap\">\r\n\t\t\t\t\t\t<div class=\"elementor-element elementor-element-91d7122 elementor-widget__width-initial elementor-absolute elementor-widget elementor-widget-porto_stat_counter\" data-id=\"91d7122\" data-element_type=\"widget\" data-settings=\"{&quot;_position&quot;:&quot;absolute&quot;}\" data-widget_type=\"porto_stat_counter.default\">\n\t\t\t\t<div class=\"elementor-widget-container\">\n\t\t\t<div class=\"stats-block stats-left\"><div class=\"porto-sicon-left\"><div class=\"porto-just-icon-wrapper porto-icon square\" style=\"\"><i class=\"fas fa-thumbs-up\"><\/i><\/div><\/div><div class=\"stats-desc\"><div id=\"counter_45981796969e3a8b7d301f\" data-id=\"counter_45981796969e3a8b7d301f\" class=\"stats-number\" style=\" \" data-speed=\"6\" data-counter-value=\"250\" data-separator=\",\" data-decimal=\".\">0<\/div><div class=\"counter_suffix mycust\" style=\" \">+<\/div><div class=\"stats-text\" style=\"\">Memnun M\u00fc\u015fteri<\/div><\/div><\/div>\t\t<\/div>\n\t\t\t\t<\/div>\n\t\t\t\t\t\t<\/div>\r\n\t\t\t\t\t<\/div>\r\n\t\t\t\t<\/div>\r\n\t\t\t\t\t<\/div>\r\n\t\t\t\t\t<\/div>\r\n\t\t\t\t<\/section>\r\n\t\t\t\t<section class=\"elementor-section elementor-top-section elementor-element elementor-element-3dc220f elementor-section-boxed elementor-section-height-default elementor-section-height-default\" data-id=\"3dc220f\" data-element_type=\"section\">\r\n\t\t\r\n\t\t\t\t\t\t\t<div class=\"elementor-container elementor-column-gap-default\">\r\n\t\t\t\t\t\t\t\t<div class=\"elementor-row\">\r\n\t\t\t\t\t\t\t<div class=\"elementor-column elementor-col-100 elementor-top-column elementor-element elementor-element-e328546\" data-id=\"e328546\" data-element_type=\"column\">\r\n\t\t\t\t\t<div class=\"elementor-column-wrap elementor-element-populated\">\r\n\t\t\t\t\t\t\t<div class=\"elementor-widget-wrap\">\r\n\t\t\t\t\t\t<div class=\"elementor-element elementor-element-f74c008 elementor-widget elementor-widget-porto_ultimate_heading\" data-id=\"f74c008\" data-element_type=\"widget\" data-widget_type=\"porto_ultimate_heading.default\">\n\t\t\t\t<div class=\"elementor-widget-container\">\n\t\t\t<div class=\"porto-u-heading  porto-u-6497\"><div class=\"porto-u-sub-heading\" style=\"\"><h3 style=\"text-align: left;\"><span style=\"font-size: 20px;\">Deneyim ve Uzmanl\u0131k<\/span><\/h3><p style=\"text-align: left;\">Sekt\u00f6rdeki uzun y\u0131llara dayanan deneyimimiz ve uzmanl\u0131\u011f\u0131m\u0131z, m\u00fc\u015fterilerimize en son teknoloji ve en iyi uygulama y\u00f6ntemleri konusunda g\u00fcvenilir bilgi ve destek sa\u011flamam\u0131za olanak tan\u0131r. M\u00fc\u015fterilerimizin radyasyonla ilgili ihtiya\u00e7lar\u0131n\u0131 anlamak ve en iyi \u00e7\u00f6z\u00fcmleri sunmak i\u00e7in \u00e7al\u0131\u015f\u0131yoruz.<\/p><h3 style=\"text-align: left;\"><span style=\"font-size: 20px;\">M\u00fc\u015fteri Odakl\u0131l\u0131k<\/span><\/h3><p style=\"text-align: left;\">M\u00fc\u015fterilerimizin memnuniyeti, i\u015fimizin merkezinde yer al\u0131r. Size \u00f6zel \u00e7\u00f6z\u00fcmler sunarak ihtiya\u00e7lar\u0131n\u0131za en iyi \u015fekilde cevap veriyor ve uzun vadeli bir i\u015f orta\u011f\u0131 olarak size destek oluyoruz. M\u00fc\u015fteri odakl\u0131 yakla\u015f\u0131m\u0131m\u0131zla, radyasyon \u00f6l\u00e7\u00fcm\u00fc ve g\u00fcvenli\u011fi konusundaki gereksinimlerinizi kar\u015f\u0131lamak i\u00e7in buraday\u0131z.<\/p><h3 style=\"text-align: left;\"><span style=\"font-size: 20px;\">Yerli \u00dcretim ve Destek<\/span><\/h3><p style=\"text-align: left;\">T\u00fcrkiye'nin yerli \u00fcretim potansiyelini g\u00fc\u00e7lendirmek ve \u00fclkemizin teknolojik ilerlemesine katk\u0131da bulunmak amac\u0131yla, \u00fcretim s\u00fcre\u00e7lerimizde yerli mal\u0131n\u0131 tercih ediyor ve yerel tedarik\u00e7ilerle i\u015fbirli\u011fi yap\u0131yoruz. Yerli ekonomimizin b\u00fcy\u00fcmesine, yabanc\u0131 \u00fclkelere yapt\u0131\u011f\u0131m\u0131z ihracatlar ile istihdam art\u0131\u015f\u0131na katk\u0131da bulunarak \u00fclke ve d\u00fcnya \u00e7ap\u0131nda s\u00fcrd\u00fcr\u00fclebilir bir kalk\u0131nma sa\u011flamaya \u00e7al\u0131\u015f\u0131yoruz.<\/p><h3 style=\"text-align: left;\"><span style=\"font-size: 20px;\">E\u011fitim ve G\u00fcvenlik<\/span><\/h3><p style=\"text-align: left;\">TENMAK onayl\u0131 e\u011fitim kurulu\u015flar\u0131 ile i\u015fbirli\u011fi yaparak m\u00fc\u015fterilerimize radyasyonla ilgili kapsaml\u0131 e\u011fitimler sunuyoruz. M\u00fc\u015fterilerimizin radyasyonun g\u00fcvenli kullan\u0131m\u0131 ve do\u011fru \u00f6l\u00e7\u00fcm teknikleri konusunda bilin\u00e7lenmelerini ve uzmanla\u015fmalar\u0131n\u0131 te\u015fvik ediyoruz.<\/p><p style=\"text-align: left;\"><strong>Radmon<\/strong> Radyasyon \u00d6l\u00e7\u00fcm Sistemleri Sanayi ve Ticaret A.\u015e. olarak, g\u00fcvenilirlik, uzmanl\u0131k ve m\u00fc\u015fteri memnuniyeti temel de\u011ferlerimizdir. Size ve i\u015fletmenize radyasyonla ilgili her t\u00fcrl\u00fc ihtiyac\u0131n\u0131z\u0131 kar\u015f\u0131lamak i\u00e7in buraday\u0131z. Daha fazla bilgi almak veya i\u015fbirli\u011fi yapmak i\u00e7in l\u00fctfen bizimle ileti\u015fime ge\u00e7in.<\/p><\/div><style>.porto-u-6497.porto-u-heading{text-align:center}<\/style><\/div>\t\t<\/div>\n\t\t\t\t<\/div>\n\t\t\t\t\t\t<\/div>\r\n\t\t\t\t\t<\/div>\r\n\t\t\t\t<\/div>\r\n\t\t\t\t\t<\/div>\r\n\t\t\t\t\t<\/div>\r\n\t\t\t\t<\/section>\r\n\t\t\t\t<section class=\"elementor-section elementor-top-section elementor-element elementor-element-5e24eb5 elementor-section-boxed elementor-section-height-default elementor-section-height-default\" data-id=\"5e24eb5\" data-element_type=\"section\">\r\n\t\t\r\n\t\t\t\t\t\t\t<div class=\"elementor-container elementor-column-gap-default\">\r\n\t\t\t\t\t\t\t\t<div class=\"elementor-row\">\r\n\t\t\t\t\t\t\t<div class=\"elementor-column elementor-col-100 elementor-top-column elementor-element elementor-element-556367c\" data-id=\"556367c\" data-element_type=\"column\">\r\n\t\t\t\t\t<div class=\"elementor-column-wrap elementor-element-populated\">\r\n\t\t\t\t\t\t\t<div class=\"elementor-widget-wrap\">\r\n\t\t\t\t\t\t<div class=\"elementor-element elementor-element-ac0ee75 elementor-widget elementor-widget-spacer\" data-id=\"ac0ee75\" data-element_type=\"widget\" data-widget_type=\"spacer.default\">\n\t\t\t\t<div class=\"elementor-widget-container\">\n\t\t\t<style>\/*! elementor - v3.21.0 - 30-04-2024 *\/\n.elementor-column .elementor-spacer-inner{height:var(--spacer-size)}.e-con{--container-widget-width:100%}.e-con-inner>.elementor-widget-spacer,.e-con>.elementor-widget-spacer{width:var(--container-widget-width,var(--spacer-size));--align-self:var(--container-widget-align-self,initial);--flex-shrink:0}.e-con-inner>.elementor-widget-spacer>.elementor-widget-container,.e-con>.elementor-widget-spacer>.elementor-widget-container{height:100%;width:100%}.e-con-inner>.elementor-widget-spacer>.elementor-widget-container>.elementor-spacer,.e-con>.elementor-widget-spacer>.elementor-widget-container>.elementor-spacer{height:100%}.e-con-inner>.elementor-widget-spacer>.elementor-widget-container>.elementor-spacer>.elementor-spacer-inner,.e-con>.elementor-widget-spacer>.elementor-widget-container>.elementor-spacer>.elementor-spacer-inner{height:var(--container-widget-height,var(--spacer-size))}.e-con-inner>.elementor-widget-spacer.elementor-widget-empty,.e-con>.elementor-widget-spacer.elementor-widget-empty{position:relative;min-height:22px;min-width:22px}.e-con-inner>.elementor-widget-spacer.elementor-widget-empty .elementor-widget-empty-icon,.e-con>.elementor-widget-spacer.elementor-widget-empty .elementor-widget-empty-icon{position:absolute;top:0;bottom:0;left:0;right:0;margin:auto;padding:0;width:22px;height:22px}<\/style>\t\t<div class=\"elementor-spacer\">\n\t\t\t<div class=\"elementor-spacer-inner\"><\/div>\n\t\t<\/div>\n\t\t\t\t<\/div>\n\t\t\t\t<\/div>\n\t\t\t\t\t\t<\/div>\r\n\t\t\t\t\t<\/div>\r\n\t\t\t\t<\/div>\r\n\t\t\t\t\t<\/div>\r\n\t\t\t\t\t<\/div>\r\n\t\t\t\t<\/section>\r\n\t\t\t\t<section class=\"elementor-section elementor-top-section elementor-element elementor-element-0bf8c94 elementor-section-boxed elementor-section-height-default elementor-section-height-default\" data-id=\"0bf8c94\" data-element_type=\"section\">\r\n\t\t\r\n\t\t\t\t\t\t\t<div class=\"elementor-container elementor-column-gap-default\">\r\n\t\t\t\t\t\t\t\t<div class=\"elementor-row\">\r\n\t\t\t\t\t\t\t<div class=\"elementor-column elementor-col-100 elementor-top-column elementor-element elementor-element-0d15c15\" data-id=\"0d15c15\" data-element_type=\"column\">\r\n\t\t\t\t\t<div class=\"elementor-column-wrap\">\r\n\t\t\t\t\t\t\t<div class=\"elementor-widget-wrap\">\r\n\t\t\t\t\t\t\t\t<\/div>\r\n\t\t\t\t\t<\/div>\r\n\t\t\t\t<\/div>\r\n\t\t\t\t\t<\/div>\r\n\t\t\t\t\t<\/div>\r\n\t\t\t\t<\/section>\r\n\t\t\t\t<\/div>\n\t\t","protected":false},"excerpt":{"rendered":"<p>Durmadan, Y\u0131lmadan, \u00c7al\u0131\u015farak Daha \u0130yi Yar\u0131nlar \u0130\u00e7in.. RADMON Radyasyon \u00d6l\u00e7\u00fcm Cihazlar\u0131 Biz Kimiz? Radmon Radyasyon \u00d6l\u00e7\u00fcm Sistemleri Sanayi ve Ticaret A.\u015e., radyasyon \u00f6l\u00e7\u00fcm\u00fc ve g\u00fcvenli\u011fi alan\u0131nda lider bir \u015firkettir. M\u00fc\u015fterilerimize y\u00fcksek kaliteli radyasyon \u00f6l\u00e7\u00fcm cihazlar\u0131, kalibrasyon hizmetleri, cihaz bak\u0131m\u0131, onar\u0131m\u0131 ve e\u011fitim \u00e7\u00f6z\u00fcmleri sunmaktay\u0131z. 250+Memnun M\u00fc\u015fteri Deneyim ve Uzmanl\u0131k Sekt\u00f6rdeki uzun y\u0131llara dayanan deneyimimiz ve [&hellip;]<\/p>\n","protected":false},"author":3,"featured_media":0,"parent":0,"menu_order":0,"comment_status":"closed","ping_status":"closed","template":"","meta":{"_acf_changed":false,"footnotes":""},"acf":[],"_links":{"self":[{"href":"https:\/\/www.radmon.net\/index.php?rest_route=\/wp\/v2\/pages\/2004"}],"collection":[{"href":"https:\/\/www.radmon.net\/index.php?rest_route=\/wp\/v2\/pages"}],"about":[{"href":"https:\/\/www.radmon.net\/index.php?rest_route=\/wp\/v2\/types\/page"}],"author":[{"embeddable":true,"href":"https:\/\/www.radmon.net\/index.php?rest_route=\/wp\/v2\/users\/3"}],"replies":[{"embeddable":true,"href":"https:\/\/www.radmon.net\/index.php?rest_route=%2Fwp%2Fv2%2Fcomments&post=2004"}],"version-history":[{"count":31,"href":"https:\/\/www.radmon.net\/index.php?rest_route=\/wp\/v2\/pages\/2004\/revisions"}],"predecessor-version":[{"id":3620,"href":"https:\/\/www.radmon.net\/index.php?rest_route=\/wp\/v2\/pages\/2004\/revisions\/3620"}],"wp:attachment":[{"href":"https:\/\/www.radmon.net\/index.php?rest_route=%2Fwp%2Fv2%2Fmedia&parent=2004"}],"curies":[{"name":"wp","href":"https:\/\/api.w.org\/{rel}","templated":true}]}}