{"id":3419,"date":"2023-09-11T18:42:56","date_gmt":"2023-09-11T15:42:56","guid":{"rendered":"http:\/\/www.radmon.net\/?page_id=3419"},"modified":"2023-09-14T23:09:16","modified_gmt":"2023-09-14T20:09:16","slug":"hizmetlerimiz-v2","status":"publish","type":"page","link":"https:\/\/www.radmon.net\/?page_id=3419","title":{"rendered":"Hizmetlerimiz"},"content":{"rendered":"\t\t<div data-elementor-type=\"wp-page\" data-elementor-id=\"3419\" class=\"elementor elementor-3419\">\n\t\t\t\t\t\t<section class=\"elementor-section elementor-top-section elementor-element elementor-element-d662ab4 elementor-section-boxed elementor-section-height-default elementor-section-height-default\" data-id=\"d662ab4\" data-element_type=\"section\">\r\n\t\t\r\n\t\t\t\t\t\t\t<div class=\"elementor-container elementor-column-gap-default\">\r\n\t\t\t\t\t\t\t\t<div class=\"elementor-row\">\r\n\t\t\t\t\t\t\t<div class=\"elementor-column elementor-col-100 elementor-top-column elementor-element elementor-element-34a25b5\" data-id=\"34a25b5\" data-element_type=\"column\">\r\n\t\t\t\t\t<div class=\"elementor-column-wrap\">\r\n\t\t\t\t\t\t\t<div class=\"elementor-widget-wrap\">\r\n\t\t\t\t\t\t\t\t<\/div>\r\n\t\t\t\t\t<\/div>\r\n\t\t\t\t<\/div>\r\n\t\t\t\t\t<\/div>\r\n\t\t\t\t\t<\/div>\r\n\t\t\t\t<\/section>\r\n\t\t\t\t<section class=\"elementor-section elementor-top-section elementor-element elementor-element-09a2afe elementor-section-boxed elementor-section-height-default elementor-section-height-default\" data-id=\"09a2afe\" data-element_type=\"section\">\r\n\t\t\r\n\t\t\t\t\t\t\t<div class=\"elementor-container elementor-column-gap-default\">\r\n\t\t\t\t\t\t\t\t<div class=\"elementor-row\">\r\n\t\t\t\t\t\t\t<div class=\"elementor-column elementor-col-100 elementor-top-column elementor-element elementor-element-b49113c\" data-id=\"b49113c\" data-element_type=\"column\">\r\n\t\t\t\t\t<div class=\"elementor-column-wrap elementor-element-populated\">\r\n\t\t\t\t\t\t\t<div class=\"elementor-widget-wrap\">\r\n\t\t\t\t\t\t<div class=\"elementor-element elementor-element-63a6efa elementor-widget elementor-widget-porto_ultimate_heading\" data-id=\"63a6efa\" data-element_type=\"widget\" data-widget_type=\"porto_ultimate_heading.default\">\n\t\t\t\t<div class=\"elementor-widget-container\">\n\t\t\t<div class=\"porto-u-heading  porto-u-2378\"><div class=\"porto-u-sub-heading\" style=\"\"><div class=\"porto-u-main-heading\"><h2 style=\"text-align: center;\">\u00a0<\/h2><h1 style=\"text-align: center;\"><span style=\"font-size: 30px;\"><strong>Siz De\u011ferli Payda\u015flar\u0131m\u0131z\u0131n Yan\u0131nday\u0131z !<\/strong><\/span><\/h1><\/div><div class=\"porto-u-sub-heading\" style=\"text-align: center;\"><strong>RADMON<\/strong>\u00a0olarak size radyasyon \u00f6l\u00e7\u00fcm\u00fc ve izleme alan\u0131nda \u00e7\u00f6z\u00fcmler sunmaktan mutluluk duyuyoruz.<\/div><\/div><style>.porto-u-2378.porto-u-heading{text-align:center}<\/style><\/div>\t\t<\/div>\n\t\t\t\t<\/div>\n\t\t\t\t\t\t<\/div>\r\n\t\t\t\t\t<\/div>\r\n\t\t\t\t<\/div>\r\n\t\t\t\t\t<\/div>\r\n\t\t\t\t\t<\/div>\r\n\t\t\t\t<\/section>\r\n\t\t\t\t<section class=\"elementor-section elementor-top-section elementor-element elementor-element-85eda5f elementor-section-boxed elementor-section-height-default elementor-section-height-default\" data-id=\"85eda5f\" data-element_type=\"section\">\r\n\t\t\r\n\t\t\t\t\t\t\t<div class=\"elementor-container elementor-column-gap-default\">\r\n\t\t\t\t\t\t\t\t<div class=\"elementor-row\">\r\n\t\t\t\t\t\t\t<div class=\"elementor-column elementor-col-100 elementor-top-column elementor-element elementor-element-fa92943\" data-id=\"fa92943\" data-element_type=\"column\">\r\n\t\t\t\t\t<div class=\"elementor-column-wrap\">\r\n\t\t\t\t\t\t\t<div class=\"elementor-widget-wrap\">\r\n\t\t\t\t\t\t\t\t<\/div>\r\n\t\t\t\t\t<\/div>\r\n\t\t\t\t<\/div>\r\n\t\t\t\t\t<\/div>\r\n\t\t\t\t\t<\/div>\r\n\t\t\t\t<\/section>\r\n\t\t\t\t<section class=\"elementor-section elementor-top-section elementor-element elementor-element-00c85c8 elementor-section-boxed elementor-section-height-default elementor-section-height-default\" data-id=\"00c85c8\" data-element_type=\"section\">\r\n\t\t\r\n\t\t\t\t\t\t\t<div class=\"elementor-container elementor-column-gap-default\">\r\n\t\t\t\t\t\t\t\t<div class=\"elementor-row\">\r\n\t\t\t\t\t\t\t<div class=\"elementor-column elementor-col-25 elementor-top-column elementor-element elementor-element-af95d18\" data-id=\"af95d18\" data-element_type=\"column\">\r\n\t\t\t\t\t<div class=\"elementor-column-wrap elementor-element-populated\">\r\n\t\t\t\t\t\t\t<div class=\"elementor-widget-wrap\">\r\n\t\t\t\t\t\t<div class=\"elementor-element elementor-element-fa0ad39 elementor-widget elementor-widget-porto_info_box\" data-id=\"fa0ad39\" data-element_type=\"widget\" data-widget_type=\"porto_info_box.default\">\n\t\t\t\t<div class=\"elementor-widget-container\">\n\t\t\t<a class=\"porto-sicon-box-link\" href=\"http:\/\/www.radmon.net\/?page_id=3435\" rel=\"nofollow\"><div class=\"porto-sicon-box style_1 top-icon\"><div class=\"porto-sicon-top\"><div id=\"porto-icon-200817711869e3a91d0f8c4\" class=\"porto-just-icon-wrapper porto-sicon-img\" style=\"\"><img fetchpriority=\"high\" decoding=\"async\" class=\"img-icon\" alt=\"\" src=\"https:\/\/www.radmon.net\/wp-content\/uploads\/2023\/08\/b3561908-7f47-4a78-bbdc-056f410efaaa.jpg\" width=\"800\" height=\"800\" \/><\/div><\/div><div class=\"porto-sicon-header\"><h4 class=\"porto-sicon-title\" style=\"\">Plastik Sintilat\u00f6r Dedekt\u00f6r<\/h4><p >Tesisinizde bulunmas\u0131 gereken Sabit Radyasyon \u00d6l\u00e7\u00fcm (SR\u00d6) cihaz\u0131 \u00fcretimi<\/p><\/div> <!-- header --><\/div><!-- porto-sicon-box --><\/a>\t\t<\/div>\n\t\t\t\t<\/div>\n\t\t\t\t<div class=\"elementor-element elementor-element-97a0c76 elementor-widget elementor-widget-spacer\" data-id=\"97a0c76\" data-element_type=\"widget\" data-widget_type=\"spacer.default\">\n\t\t\t\t<div class=\"elementor-widget-container\">\n\t\t\t<style>\/*! elementor - v3.21.0 - 30-04-2024 *\/\n.elementor-column .elementor-spacer-inner{height:var(--spacer-size)}.e-con{--container-widget-width:100%}.e-con-inner>.elementor-widget-spacer,.e-con>.elementor-widget-spacer{width:var(--container-widget-width,var(--spacer-size));--align-self:var(--container-widget-align-self,initial);--flex-shrink:0}.e-con-inner>.elementor-widget-spacer>.elementor-widget-container,.e-con>.elementor-widget-spacer>.elementor-widget-container{height:100%;width:100%}.e-con-inner>.elementor-widget-spacer>.elementor-widget-container>.elementor-spacer,.e-con>.elementor-widget-spacer>.elementor-widget-container>.elementor-spacer{height:100%}.e-con-inner>.elementor-widget-spacer>.elementor-widget-container>.elementor-spacer>.elementor-spacer-inner,.e-con>.elementor-widget-spacer>.elementor-widget-container>.elementor-spacer>.elementor-spacer-inner{height:var(--container-widget-height,var(--spacer-size))}.e-con-inner>.elementor-widget-spacer.elementor-widget-empty,.e-con>.elementor-widget-spacer.elementor-widget-empty{position:relative;min-height:22px;min-width:22px}.e-con-inner>.elementor-widget-spacer.elementor-widget-empty .elementor-widget-empty-icon,.e-con>.elementor-widget-spacer.elementor-widget-empty .elementor-widget-empty-icon{position:absolute;top:0;bottom:0;left:0;right:0;margin:auto;padding:0;width:22px;height:22px}<\/style>\t\t<div class=\"elementor-spacer\">\n\t\t\t<div class=\"elementor-spacer-inner\"><\/div>\n\t\t<\/div>\n\t\t\t\t<\/div>\n\t\t\t\t<\/div>\n\t\t\t\t\t\t<\/div>\r\n\t\t\t\t\t<\/div>\r\n\t\t\t\t<\/div>\r\n\t\t\t\t<div class=\"elementor-column elementor-col-25 elementor-top-column elementor-element elementor-element-bcb0948\" data-id=\"bcb0948\" data-element_type=\"column\">\r\n\t\t\t\t\t<div class=\"elementor-column-wrap elementor-element-populated\">\r\n\t\t\t\t\t\t\t<div class=\"elementor-widget-wrap\">\r\n\t\t\t\t\t\t<div class=\"elementor-element elementor-element-d25341a elementor-widget elementor-widget-porto_info_box\" data-id=\"d25341a\" data-element_type=\"widget\" data-widget_type=\"porto_info_box.default\">\n\t\t\t\t<div class=\"elementor-widget-container\">\n\t\t\t<a class=\"porto-sicon-box-link\" href=\"http:\/\/www.radmon.net\/?page_id=3423\" rel=\"nofollow\"><div class=\"porto-sicon-box style_1 top-icon\"><div class=\"porto-sicon-top\"><div id=\"porto-icon-63201028269e3a91d1083e\" class=\"porto-just-icon-wrapper porto-sicon-img\" style=\"\"><img decoding=\"async\" class=\"img-icon\" alt=\"\" src=\"https:\/\/www.radmon.net\/wp-content\/uploads\/2023\/08\/d0761e58-f848-49a5-9152-a26f95b9cdd9.jpg\" width=\"800\" height=\"800\" \/><\/div><\/div><div class=\"porto-sicon-header\"><h4 class=\"porto-sicon-title\" style=\"\">Kalibrasyon<\/h4><p >Cihazlar\u0131m\u0131z\u0131n g\u00fcvenilirli\u011fini ve do\u011frulu\u011funu korumak i\u00e7in periyodik olarak kalibrasyon i\u015flemlerini ger\u00e7ekle\u015ftiriyoruz.<\/p><\/div> <!-- header --><\/div><!-- porto-sicon-box --><\/a>\t\t<\/div>\n\t\t\t\t<\/div>\n\t\t\t\t\t\t<\/div>\r\n\t\t\t\t\t<\/div>\r\n\t\t\t\t<\/div>\r\n\t\t\t\t<div class=\"elementor-column elementor-col-25 elementor-top-column elementor-element elementor-element-4edd6c7\" data-id=\"4edd6c7\" data-element_type=\"column\">\r\n\t\t\t\t\t<div class=\"elementor-column-wrap elementor-element-populated\">\r\n\t\t\t\t\t\t\t<div class=\"elementor-widget-wrap\">\r\n\t\t\t\t\t\t<div class=\"elementor-element elementor-element-0da44dc elementor-widget elementor-widget-porto_info_box\" data-id=\"0da44dc\" data-element_type=\"widget\" data-widget_type=\"porto_info_box.default\">\n\t\t\t\t<div class=\"elementor-widget-container\">\n\t\t\t<a class=\"porto-sicon-box-link\" href=\"http:\/\/www.radmon.net\/?page_id=3432\" rel=\"nofollow\"><div class=\"porto-sicon-box style_1 top-icon\"><div class=\"porto-sicon-top\"><div id=\"porto-icon-111017793169e3a91d11535\" class=\"porto-just-icon-wrapper porto-sicon-img\" style=\"\"><img decoding=\"async\" class=\"img-icon\" alt=\"\" src=\"https:\/\/www.radmon.net\/wp-content\/uploads\/2023\/08\/29962a98-0e46-4731-b23f-3c0ac08ada20.jpg\" width=\"800\" height=\"800\" \/><\/div><\/div><div class=\"porto-sicon-header\"><h4 class=\"porto-sicon-title\" style=\"\">Bak\u0131m, Onar\u0131m & Servis<\/h4><p > Cihazlar\u0131n\u0131z\u0131n \u00f6mr\u00fcn\u00fc uzatmak ve kesintisiz \u00e7al\u0131\u015fmalar\u0131n\u0131 sa\u011flamak i\u00e7in kapsaml\u0131 bak\u0131m, onar\u0131m ve servis hizmetleri sunuyoruz.<\/p><\/div> <!-- header --><\/div><!-- porto-sicon-box --><\/a>\t\t<\/div>\n\t\t\t\t<\/div>\n\t\t\t\t\t\t<\/div>\r\n\t\t\t\t\t<\/div>\r\n\t\t\t\t<\/div>\r\n\t\t\t\t<div class=\"elementor-column elementor-col-25 elementor-top-column elementor-element elementor-element-677c0db\" data-id=\"677c0db\" data-element_type=\"column\">\r\n\t\t\t\t\t<div class=\"elementor-column-wrap elementor-element-populated\">\r\n\t\t\t\t\t\t\t<div class=\"elementor-widget-wrap\">\r\n\t\t\t\t\t\t<div class=\"elementor-element elementor-element-6ce2929 elementor-widget elementor-widget-porto_info_box\" data-id=\"6ce2929\" data-element_type=\"widget\" data-widget_type=\"porto_info_box.default\">\n\t\t\t\t<div class=\"elementor-widget-container\">\n\t\t\t<a class=\"porto-sicon-box-link\" href=\"http:\/\/www.radmon.net\/?page_id=3429\" rel=\"nofollow\"><div class=\"porto-sicon-box style_1 top-icon\"><div class=\"porto-sicon-top\"><div id=\"porto-icon-907869069e3a91d12090\" class=\"porto-just-icon-wrapper porto-sicon-img\" style=\"\"><img loading=\"lazy\" decoding=\"async\" class=\"img-icon\" alt=\"\" src=\"https:\/\/www.radmon.net\/wp-content\/uploads\/2023\/08\/82b96e15-f83c-4e0d-a4a7-55c366e72cac.jpg\" width=\"800\" height=\"800\" \/><\/div><\/div><div class=\"porto-sicon-header\"><h4 class=\"porto-sicon-title\" style=\"\">E\u011fitim<\/h4><p >TENMAK onayl\u0131 e\u011fitim kurulu\u015flar\u0131 ile i\u015fbirli\u011fi yaparak m\u00fc\u015fterilerimize radyasyonla ilgili kapsaml\u0131 e\u011fitimler sunuyoruz.<\/p><\/div> <!-- header --><\/div><!-- porto-sicon-box --><\/a>\t\t<\/div>\n\t\t\t\t<\/div>\n\t\t\t\t\t\t<\/div>\r\n\t\t\t\t\t<\/div>\r\n\t\t\t\t<\/div>\r\n\t\t\t\t\t<\/div>\r\n\t\t\t\t\t<\/div>\r\n\t\t\t\t<\/section>\r\n\t\t\t\t<\/div>\n\t\t","protected":false},"excerpt":{"rendered":"<p>\u00a0 Siz De\u011ferli Payda\u015flar\u0131m\u0131z\u0131n Yan\u0131nday\u0131z ! RADMON\u00a0olarak size radyasyon \u00f6l\u00e7\u00fcm\u00fc ve izleme alan\u0131nda \u00e7\u00f6z\u00fcmler sunmaktan mutluluk duyuyoruz. Plastik Sintilat\u00f6r Dedekt\u00f6r Tesisinizde bulunmas\u0131 gereken Sabit Radyasyon \u00d6l\u00e7\u00fcm (SR\u00d6) cihaz\u0131 \u00fcretimi Kalibrasyon Cihazlar\u0131m\u0131z\u0131n g\u00fcvenilirli\u011fini ve do\u011frulu\u011funu korumak i\u00e7in periyodik olarak kalibrasyon i\u015flemlerini ger\u00e7ekle\u015ftiriyoruz. Bak\u0131m, Onar\u0131m &#038; Servis Cihazlar\u0131n\u0131z\u0131n \u00f6mr\u00fcn\u00fc uzatmak ve kesintisiz \u00e7al\u0131\u015fmalar\u0131n\u0131 sa\u011flamak i\u00e7in kapsaml\u0131 bak\u0131m, [&hellip;]<\/p>\n","protected":false},"author":3,"featured_media":0,"parent":0,"menu_order":0,"comment_status":"closed","ping_status":"closed","template":"","meta":{"_acf_changed":false,"footnotes":""},"acf":[],"_links":{"self":[{"href":"https:\/\/www.radmon.net\/index.php?rest_route=\/wp\/v2\/pages\/3419"}],"collection":[{"href":"https:\/\/www.radmon.net\/index.php?rest_route=\/wp\/v2\/pages"}],"about":[{"href":"https:\/\/www.radmon.net\/index.php?rest_route=\/wp\/v2\/types\/page"}],"author":[{"embeddable":true,"href":"https:\/\/www.radmon.net\/index.php?rest_route=\/wp\/v2\/users\/3"}],"replies":[{"embeddable":true,"href":"https:\/\/www.radmon.net\/index.php?rest_route=%2Fwp%2Fv2%2Fcomments&post=3419"}],"version-history":[{"count":5,"href":"https:\/\/www.radmon.net\/index.php?rest_route=\/wp\/v2\/pages\/3419\/revisions"}],"predecessor-version":[{"id":3663,"href":"https:\/\/www.radmon.net\/index.php?rest_route=\/wp\/v2\/pages\/3419\/revisions\/3663"}],"wp:attachment":[{"href":"https:\/\/www.radmon.net\/index.php?rest_route=%2Fwp%2Fv2%2Fmedia&parent=3419"}],"curies":[{"name":"wp","href":"https:\/\/api.w.org\/{rel}","templated":true}]}}