{"id":3423,"date":"2023-09-11T18:46:49","date_gmt":"2023-09-11T15:46:49","guid":{"rendered":"http:\/\/www.radmon.net\/?page_id=3423"},"modified":"2023-09-13T14:27:38","modified_gmt":"2023-09-13T11:27:38","slug":"kalibrasyon","status":"publish","type":"page","link":"https:\/\/www.radmon.net\/?page_id=3423","title":{"rendered":"Kalibrasyon"},"content":{"rendered":"<section class=\"wpb-content-wrapper\">\t\t<div data-elementor-type=\"wp-page\" data-elementor-id=\"3423\" class=\"elementor elementor-3423\">\n\t\t\t\t\t\t<div class=\"elementor-section elementor-top-section elementor-element elementor-element-05df2fe elementor-section-boxed elementor-section-height-default elementor-section-height-default\" data-id=\"05df2fe\" data-element_type=\"section\">\r\n\t\t\r\n\t\t\t\t\t\t\t<div class=\"elementor-container elementor-column-gap-default\">\r\n\t\t\t\t\t\t\t\t<div class=\"elementor-row\">\r\n\t\t\t\t\t\t\t<div class=\"porto-ibanner elementor-column elementor-col-66 elementor-top-column elementor-element elementor-element-9967aea elementor-invisible\" data-id=\"9967aea\" data-element_type=\"column\" data-settings=\"{&quot;animation&quot;:&quot;fadeInLeft&quot;,&quot;animation_delay&quot;:&quot;200&quot;}\">\r\n\t\t<img fetchpriority=\"high\" decoding=\"async\" src=\"https:\/\/www.radmon.net\/wp-content\/uploads\/2023\/09\/kalibrasyon_isci.jpeg\" alt=\"\" width=\"1024\" height=\"576\" class=\"porto-ibanner-img\" srcset=\"https:\/\/www.radmon.net\/wp-content\/uploads\/2023\/09\/kalibrasyon_isci.jpeg 1024w, https:\/\/www.radmon.net\/wp-content\/uploads\/2023\/09\/kalibrasyon_isci-768x432.jpeg 768w, https:\/\/www.radmon.net\/wp-content\/uploads\/2023\/09\/kalibrasyon_isci-320x180.jpeg 320w, https:\/\/www.radmon.net\/wp-content\/uploads\/2023\/09\/kalibrasyon_isci-480x270.jpeg 480w, https:\/\/www.radmon.net\/wp-content\/uploads\/2023\/09\/kalibrasyon_isci-800x450.jpeg 800w, https:\/\/www.radmon.net\/wp-content\/uploads\/2023\/09\/kalibrasyon_isci-640x360.jpeg 640w, https:\/\/www.radmon.net\/wp-content\/uploads\/2023\/09\/kalibrasyon_isci-400x225.jpeg 400w, https:\/\/www.radmon.net\/wp-content\/uploads\/2023\/09\/kalibrasyon_isci-600x338.jpeg 600w\" sizes=\"(max-width: 1024px) 100vw, 1024px\"><style>.elementor-element-9967aea .porto-ibanner-layer {left: 50%;right: unset;top: 50%;bottom: unset;transform: translate(-50%, -50%);}<\/style>\t\t\t<div class=\"elementor-column-wrap elementor-element-populated\">\r\n\t\t\t\t\t\t\t<div class=\"porto-ibanner-layer elementor-widget-wrap\">\r\n\t\t\t\t\t\t<div class=\"elementor-element elementor-element-e7d5e70 elementor-widget__width-initial elementor-absolute elementor-invisible elementor-widget elementor-widget-porto_ultimate_heading\" data-id=\"e7d5e70\" data-element_type=\"widget\" data-settings=\"{&quot;_position&quot;:&quot;absolute&quot;,&quot;_animation&quot;:&quot;fadeIn&quot;}\" data-widget_type=\"porto_ultimate_heading.default\">\n\t\t\t\t<div class=\"elementor-widget-container\">\n\t\t\t<div class=\"porto-u-heading  porto-u-2402\"><div class=\"porto-u-sub-heading\" style=\"\"><h1><span style=\"color: #93deff; font-size: 22px;\"><strong>Kesin ve G\u00fcvenilir \u00d6l\u00e7\u00fcmler<\/strong><\/span><\/h1><\/div><style>.porto-u-2402.porto-u-heading{text-align:inherit}<\/style><\/div>\t\t<\/div>\n\t\t\t\t<\/div>\n\t\t\t\t\t\t<\/div>\r\n\t\t\t\t\t<\/div>\r\n\t\t\t\t<\/div>\r\n\t\t\t\t<div class=\"elementor-column elementor-col-33 elementor-top-column elementor-element elementor-element-8952d42 elementor-invisible\" data-id=\"8952d42\" data-element_type=\"column\" data-settings=\"{&quot;animation&quot;:&quot;fadeInLeft&quot;,&quot;animation_delay&quot;:&quot;400&quot;}\">\r\n\t\t\t\t\t<div class=\"elementor-column-wrap elementor-element-populated\">\r\n\t\t\t\t\t\t\t<div class=\"elementor-widget-wrap\">\r\n\t\t\t\t\t\t<div class=\"elementor-section elementor-inner-section elementor-element elementor-element-51c8b71 overflow-hidden elementor-section-boxed elementor-section-height-default elementor-section-height-default\" data-id=\"51c8b71\" data-element_type=\"section\">\r\n\t\t\r\n\t\t\t\t\t\t\t<div class=\"elementor-container elementor-column-gap-no porto-ibanner\">\r\n\t\t\t\t<img decoding=\"async\" src=\"https:\/\/www.radmon.net\/wp-content\/uploads\/2022\/04\/kalibrasyon.png\" alt=\"\" width=\"450\" height=\"450\" class=\"porto-ibanner-img\" srcset=\"https:\/\/www.radmon.net\/wp-content\/uploads\/2022\/04\/kalibrasyon.png 450w, https:\/\/www.radmon.net\/wp-content\/uploads\/2022\/04\/kalibrasyon-320x320.png 320w, https:\/\/www.radmon.net\/wp-content\/uploads\/2022\/04\/kalibrasyon-400x400.png 400w, https:\/\/www.radmon.net\/wp-content\/uploads\/2022\/04\/kalibrasyon-367x367.png 367w\" sizes=\"(max-width: 450px) 100vw, 450px\">\t\t\t\t<div class=\"elementor-row\">\r\n\t\t\t\t\t\t\t<div class=\"elementor-column elementor-col-100 elementor-inner-column elementor-element elementor-element-2870507\" data-id=\"2870507\" data-element_type=\"column\">\r\n\t\t<style>.elementor-element-2870507 .porto-ibanner-layer {right:8.4%;left: unset;top: 50%;bottom: unset;transform: translateY(-50%);}<\/style>\t\t\t<div class=\"elementor-column-wrap\">\r\n\t\t\t\t\t\t\t<div class=\"porto-ibanner-layer elementor-widget-wrap\">\r\n\t\t\t\t\t\t\t\t<\/div>\r\n\t\t\t\t\t<\/div>\r\n\t\t\t\t<\/div>\r\n\t\t\t\t\t<\/div>\r\n\t\t\t\t\t<\/div>\r\n\t\t\t\t<\/div>\r\n\t\t\t\t\t\t<\/div>\r\n\t\t\t\t\t<\/div>\r\n\t\t\t\t<\/div>\r\n\t\t\t\t\t<\/div>\r\n\t\t\t\t\t<\/div>\r\n\t\t\t\t<\/div>\r\n\t\t\t\t<section class=\"elementor-section elementor-top-section elementor-element elementor-element-49c04bfb elementor-section-boxed elementor-section-height-default elementor-section-height-default\" data-id=\"49c04bfb\" data-element_type=\"section\">\r\n\t\t\r\n\t\t\t\t\t\t\t<div class=\"elementor-container elementor-column-gap-default\">\r\n\t\t\t\t\t\t\t\t<div class=\"elementor-row\">\r\n\t\t\t\t\t\t\t<div class=\"elementor-column elementor-col-100 elementor-top-column elementor-element elementor-element-37102088\" data-id=\"37102088\" data-element_type=\"column\">\r\n\t\t\t\t\t<div class=\"elementor-column-wrap elementor-element-populated\">\r\n\t\t\t\t\t\t\t<div class=\"elementor-widget-wrap\">\r\n\t\t\t\t\t\t<div class=\"elementor-element elementor-element-2a455c05 elementor-widget elementor-widget-text-editor\" data-id=\"2a455c05\" data-element_type=\"widget\" data-widget_type=\"text-editor.default\">\n\t\t\t\t<div class=\"elementor-widget-container\">\n\t\t\t<style>\/*! elementor - v3.21.0 - 30-04-2024 *\/\n.elementor-widget-text-editor.elementor-drop-cap-view-stacked .elementor-drop-cap{background-color:#69727d;color:#fff}.elementor-widget-text-editor.elementor-drop-cap-view-framed .elementor-drop-cap{color:#69727d;border:3px solid;background-color:transparent}.elementor-widget-text-editor:not(.elementor-drop-cap-view-default) .elementor-drop-cap{margin-top:8px}.elementor-widget-text-editor:not(.elementor-drop-cap-view-default) .elementor-drop-cap-letter{width:1em;height:1em}.elementor-widget-text-editor .elementor-drop-cap{float:left;text-align:center;line-height:1;font-size:50px}.elementor-widget-text-editor .elementor-drop-cap-letter{display:inline-block}<\/style>\t\t\t\t<p>[vc_row][vc_column][vc_column_text css_animation=&#8221;fadeIn&#8221;]<\/p><h2><strong>Cihaz Kalibrasyonu \u00d6l\u00e7\u00fcmler<\/strong><\/h2><p>Radmon olarak, radyasyon \u00f6l\u00e7\u00fcm cihazlar\u0131n\u0131n do\u011fru ve g\u00fcvenilir sonu\u00e7lar vermesini sa\u011flamak i\u00e7in kalibrasyon i\u015flemlerine b\u00fcy\u00fck \u00f6nem veriyoruz.<\/p><p>Radyasyon \u00f6l\u00e7\u00fcm cihazlar\u0131n\u0131n do\u011fru \u00e7al\u0131\u015fmas\u0131, g\u00fcvenlik ve hassasiyet a\u00e7\u0131s\u0131ndan kritik bir \u00f6neme sahiptir. Cihazlar\u0131m\u0131z\u0131n g\u00fcvenilirli\u011fini ve do\u011frulu\u011funu korumak i\u00e7in periyodik olarak kalibrasyon i\u015flemlerini ger\u00e7ekle\u015ftiriyoruz. Kalibrasyon i\u015flemi, her bir cihaz\u0131n fabrikadan \u00e7\u0131k\u0131\u015f do\u011frulu\u011funu teyit etmek ve ihtiya\u00e7 duyulan d\u00fczeltmeleri yapmak i\u00e7in yap\u0131lan bir s\u00fcre\u00e7tir.<\/p><p>Kalibrasyon i\u015flemi s\u0131ras\u0131nda, cihaz\u0131n hassasiyetini ve do\u011frulu\u011funu sa\u011flamak i\u00e7in \u00f6zel ekipmanlar ve standartlar kullan\u0131l\u0131r. Her cihaz, hassasiyetini koruyarak g\u00fcvenilir \u00f6l\u00e7\u00fcmler yapmaya devam edebilsin diye d\u00fczenli olarak kalibre edilir.<\/p><p>M\u00fc\u015fterilerimize sundu\u011fumuz kalibrasyon hizmeti, radyasyon g\u00fcvenli\u011fi ve do\u011fru \u00f6l\u00e7\u00fcmler i\u00e7in gereklidir. Kalibrasyonunuzun zaman\u0131nda ve d\u00fczenli olarak yap\u0131lmas\u0131, herhangi bir hata veya g\u00fcvenlik riskini minimize etmenize yard\u0131mc\u0131 olur. Kalibre edilmemi\u015f veya yanl\u0131\u015f kalibre edilmi\u015f cihazlar, yan\u0131lt\u0131c\u0131 sonu\u00e7lara neden olabilir ve bu da ciddi sonu\u00e7lara yol a\u00e7abilir.<\/p><p>Radmon Radyasyon \u00d6l\u00e7\u00fcm Sistemleri olarak kalibrasyon s\u00fcre\u00e7lerini titizlikle y\u00f6netiyor ve her bir cihaz\u0131n g\u00fcvenilirli\u011fini sa\u011flama taahh\u00fcd\u00fcm\u00fcz\u00fc s\u00fcrd\u00fcr\u00fcyoruz. M\u00fc\u015fterilerimize en y\u00fcksek kalitede radyasyon \u00f6l\u00e7\u00fcm cihazlar\u0131n\u0131 sunarken, bu cihazlar\u0131n her zaman do\u011fru \u00f6l\u00e7\u00fcmler yapmas\u0131n\u0131 sa\u011flamak i\u00e7in elimizden gelenin en iyisini yap\u0131yoruz. Kalibrasyon hizmetlerimiz hakk\u0131nda daha fazla bilgi almak i\u00e7in bize ula\u015fmaktan \u00e7ekinmeyin. Size yard\u0131mc\u0131 olmaktan mutluluk duyar\u0131z.[\/vc_column_text][\/vc_column][\/vc_row]<\/p>\t\t\t\t\t\t<\/div>\n\t\t\t\t<\/div>\n\t\t\t\t\t\t<\/div>\r\n\t\t\t\t\t<\/div>\r\n\t\t\t\t<\/div>\r\n\t\t\t\t\t<\/div>\r\n\t\t\t\t\t<\/div>\r\n\t\t\t\t<\/section>\r\n\t\t\t\t<section class=\"elementor-section elementor-top-section elementor-element elementor-element-5182482 elementor-section-boxed elementor-section-height-default elementor-section-height-default\" data-id=\"5182482\" data-element_type=\"section\">\r\n\t\t\r\n\t\t\t\t\t\t\t<div class=\"elementor-container elementor-column-gap-default\">\r\n\t\t\t\t\t\t\t\t<div class=\"elementor-row\">\r\n\t\t\t\t\t\t\t<div class=\"elementor-column elementor-col-100 elementor-top-column elementor-element elementor-element-b5d4e6d\" data-id=\"b5d4e6d\" data-element_type=\"column\">\r\n\t\t\t\t\t<div class=\"elementor-column-wrap\">\r\n\t\t\t\t\t\t\t<div class=\"elementor-widget-wrap\">\r\n\t\t\t\t\t\t\t\t<\/div>\r\n\t\t\t\t\t<\/div>\r\n\t\t\t\t<\/div>\r\n\t\t\t\t\t<\/div>\r\n\t\t\t\t\t<\/div>\r\n\t\t\t\t<\/section>\r\n\t\t\t\t<\/div>\n\t\t<\/section>","protected":false},"excerpt":{"rendered":"<p>Kesin ve G\u00fcvenilir \u00d6l\u00e7\u00fcmler [vc_row][vc_column][vc_column_text css_animation=&#8221;fadeIn&#8221;] Cihaz Kalibrasyonu \u00d6l\u00e7\u00fcmler Radmon olarak, radyasyon \u00f6l\u00e7\u00fcm cihazlar\u0131n\u0131n do\u011fru ve g\u00fcvenilir sonu\u00e7lar vermesini sa\u011flamak i\u00e7in kalibrasyon i\u015flemlerine b\u00fcy\u00fck \u00f6nem veriyoruz. Radyasyon \u00f6l\u00e7\u00fcm cihazlar\u0131n\u0131n do\u011fru \u00e7al\u0131\u015fmas\u0131, g\u00fcvenlik ve hassasiyet a\u00e7\u0131s\u0131ndan kritik bir \u00f6neme sahiptir. Cihazlar\u0131m\u0131z\u0131n g\u00fcvenilirli\u011fini ve do\u011frulu\u011funu korumak i\u00e7in periyodik olarak kalibrasyon i\u015flemlerini ger\u00e7ekle\u015ftiriyoruz. Kalibrasyon i\u015flemi, her bir cihaz\u0131n [&hellip;]<\/p>\n","protected":false},"author":3,"featured_media":0,"parent":3419,"menu_order":0,"comment_status":"closed","ping_status":"closed","template":"","meta":{"_acf_changed":false,"footnotes":""},"acf":[],"_links":{"self":[{"href":"https:\/\/www.radmon.net\/index.php?rest_route=\/wp\/v2\/pages\/3423"}],"collection":[{"href":"https:\/\/www.radmon.net\/index.php?rest_route=\/wp\/v2\/pages"}],"about":[{"href":"https:\/\/www.radmon.net\/index.php?rest_route=\/wp\/v2\/types\/page"}],"author":[{"embeddable":true,"href":"https:\/\/www.radmon.net\/index.php?rest_route=\/wp\/v2\/users\/3"}],"replies":[{"embeddable":true,"href":"https:\/\/www.radmon.net\/index.php?rest_route=%2Fwp%2Fv2%2Fcomments&post=3423"}],"version-history":[{"count":8,"href":"https:\/\/www.radmon.net\/index.php?rest_route=\/wp\/v2\/pages\/3423\/revisions"}],"predecessor-version":[{"id":3537,"href":"https:\/\/www.radmon.net\/index.php?rest_route=\/wp\/v2\/pages\/3423\/revisions\/3537"}],"up":[{"embeddable":true,"href":"https:\/\/www.radmon.net\/index.php?rest_route=\/wp\/v2\/pages\/3419"}],"wp:attachment":[{"href":"https:\/\/www.radmon.net\/index.php?rest_route=%2Fwp%2Fv2%2Fmedia&parent=3423"}],"curies":[{"name":"wp","href":"https:\/\/api.w.org\/{rel}","templated":true}]}}