{"id":3429,"date":"2023-09-11T19:39:12","date_gmt":"2023-09-11T16:39:12","guid":{"rendered":"http:\/\/www.radmon.net\/?page_id=3429"},"modified":"2023-09-14T13:19:48","modified_gmt":"2023-09-14T10:19:48","slug":"egitim","status":"publish","type":"page","link":"https:\/\/www.radmon.net\/?page_id=3429","title":{"rendered":"E\u011fitim"},"content":{"rendered":"\t\t<div data-elementor-type=\"wp-page\" data-elementor-id=\"3429\" class=\"elementor elementor-3429\">\n\t\t\t\t\t\t<section class=\"elementor-section elementor-top-section elementor-element elementor-element-881aa4a elementor-section-boxed elementor-section-height-default elementor-section-height-default\" data-id=\"881aa4a\" data-element_type=\"section\">\r\n\t\t\r\n\t\t\t\t\t\t\t<div class=\"elementor-container elementor-column-gap-default\">\r\n\t\t\t\t\t\t\t\t<div class=\"elementor-row\">\r\n\t\t\t\t\t\t\t<div class=\"elementor-column elementor-col-100 elementor-top-column elementor-element elementor-element-268f751\" data-id=\"268f751\" data-element_type=\"column\">\r\n\t\t\t\t\t<div class=\"elementor-column-wrap\">\r\n\t\t\t\t\t\t\t<div class=\"elementor-widget-wrap\">\r\n\t\t\t\t\t\t\t\t<\/div>\r\n\t\t\t\t\t<\/div>\r\n\t\t\t\t<\/div>\r\n\t\t\t\t\t<\/div>\r\n\t\t\t\t\t<\/div>\r\n\t\t\t\t<\/section>\r\n\t\t\t\t<div class=\"porto-full-no-gap elementor-section elementor-top-section elementor-element elementor-element-d94f112 elementor-section-full_width parallax-banner elementor-section-height-default elementor-section-height-default\" data-id=\"d94f112\" data-element_type=\"section\" data-settings=\"{&quot;background_background&quot;:&quot;classic&quot;}\">\r\n\t\t\r\n\t\t\t\t\t\t\t<div class=\"elementor-container elementor-column-gap-no\">\r\n\t\t\t\t\t\t\t\t<div class=\"elementor-row\">\r\n\t\t\t\t\t\t\t<div class=\"porto-ibanner elementor-column elementor-col-50 elementor-top-column elementor-element elementor-element-8beafaf\" data-id=\"8beafaf\" data-element_type=\"column\">\r\n\t\t<img fetchpriority=\"high\" decoding=\"async\" src=\"https:\/\/www.radmon.net\/wp-content\/uploads\/2023\/08\/82b96e15-f83c-4e0d-a4a7-55c366e72cac.jpg\" alt=\"\" width=\"800\" height=\"800\" class=\"porto-ibanner-img\" srcset=\"https:\/\/www.radmon.net\/wp-content\/uploads\/2023\/08\/82b96e15-f83c-4e0d-a4a7-55c366e72cac.jpg 800w, https:\/\/www.radmon.net\/wp-content\/uploads\/2023\/08\/82b96e15-f83c-4e0d-a4a7-55c366e72cac-768x768.jpg 768w, https:\/\/www.radmon.net\/wp-content\/uploads\/2023\/08\/82b96e15-f83c-4e0d-a4a7-55c366e72cac-320x320.jpg 320w, https:\/\/www.radmon.net\/wp-content\/uploads\/2023\/08\/82b96e15-f83c-4e0d-a4a7-55c366e72cac-480x480.jpg 480w, https:\/\/www.radmon.net\/wp-content\/uploads\/2023\/08\/82b96e15-f83c-4e0d-a4a7-55c366e72cac-640x640.jpg 640w, https:\/\/www.radmon.net\/wp-content\/uploads\/2023\/08\/82b96e15-f83c-4e0d-a4a7-55c366e72cac-400x400.jpg 400w, https:\/\/www.radmon.net\/wp-content\/uploads\/2023\/08\/82b96e15-f83c-4e0d-a4a7-55c366e72cac-560x560.jpg 560w, https:\/\/www.radmon.net\/wp-content\/uploads\/2023\/08\/82b96e15-f83c-4e0d-a4a7-55c366e72cac-367x367.jpg 367w, https:\/\/www.radmon.net\/wp-content\/uploads\/2023\/08\/82b96e15-f83c-4e0d-a4a7-55c366e72cac-600x600.jpg 600w\" sizes=\"(max-width: 800px) 100vw, 800px\"><style>.elementor-element-8beafaf .porto-ibanner-layer {left: 50%;right: unset;top: 50%;bottom: unset;transform: translate(-50%, -50%);}<\/style>\t\t\t<div class=\"elementor-column-wrap\">\r\n\t\t\t\t\t\t\t<div class=\"porto-ibanner-layer elementor-widget-wrap\">\r\n\t\t\t\t\t\t\t\t<\/div>\r\n\t\t\t\t\t<\/div>\r\n\t\t\t\t<\/div>\r\n\t\t\t\t<div class=\"elementor-column elementor-col-50 elementor-top-column elementor-element elementor-element-19b6a49\" data-id=\"19b6a49\" data-element_type=\"column\" data-settings=\"{&quot;background_background&quot;:&quot;classic&quot;}\">\r\n\t\t\t\t\t<div class=\"col-half-section col-fullwidth-md elementor-column-wrap elementor-element-populated\">\r\n\t\t\t\t\t\t\t<div class=\"elementor-widget-wrap\">\r\n\t\t\t\t\t\t<div class=\"elementor-element elementor-element-a63fd65 ml-lg-5 elementor-widget__width-initial elementor-absolute elementor-widget elementor-widget-porto_ultimate_heading\" data-id=\"a63fd65\" data-element_type=\"widget\" data-settings=\"{&quot;_position&quot;:&quot;absolute&quot;}\" data-widget_type=\"porto_ultimate_heading.default\">\n\t\t\t\t<div class=\"elementor-widget-container\">\n\t\t\t<div class=\"porto-u-heading  porto-u-5532\"><div class=\"porto-u-main-heading\"><h3    style=\"margin-bottom: 16px;\">Radyasyondan Korunma E\u011fitimleri<\/h3><\/div><div class=\"porto-u-sub-heading\" style=\"\"><p><strong>TENMAK<\/strong> onayl\u0131 e\u011fitim kurulu\u015flar\u0131 ile i\u015fbirli\u011fi yaparak m\u00fc\u015fterilerimize radyasyonla ilgili kapsaml\u0131 e\u011fitimler sunuyoruz. Radyasyon g\u00fcvenli\u011fi konusunda bilin\u00e7lenmeyi ve uzmanla\u015fmay\u0131 te\u015fvik ediyoruz.<\/p><\/div><style>.porto-u-5532.porto-u-heading{text-align:left}<\/style><\/div>\t\t<\/div>\n\t\t\t\t<\/div>\n\t\t\t\t\t\t<\/div>\r\n\t\t\t\t\t<\/div>\r\n\t\t\t\t<\/div>\r\n\t\t\t\t\t<\/div>\r\n\t\t\t\t\t<\/div>\r\n\t\t\t\t<\/div>\r\n\t\t\t\t<div class=\"porto-full-no-gap elementor-section elementor-top-section elementor-element elementor-element-470ec0b elementor-section-full_width elementor-section-height-default elementor-section-height-default\" data-id=\"470ec0b\" data-element_type=\"section\" data-settings=\"{&quot;background_background&quot;:&quot;classic&quot;}\">\r\n\t\t\r\n\t\t\t\t\t\t\t<div class=\"elementor-container elementor-column-gap-no\">\r\n\t\t\t\t\t\t\t\t<div class=\"elementor-row\">\r\n\t\t\t\t\t\t\t<div class=\"porto-ibanner elementor-column elementor-col-50 elementor-top-column elementor-element elementor-element-375ee06 order-lg-last\" data-id=\"375ee06\" data-element_type=\"column\">\r\n\t\t<img decoding=\"async\" src=\"https:\/\/www.radmon.net\/wp-content\/uploads\/2023\/09\/3470b1f6-b1c3-45dc-909e-91b5976604db-e1694684628623-480x480.jpeg\" alt=\"\" width=\"480\" height=\"480\" class=\"porto-ibanner-img\" srcset=\"https:\/\/www.radmon.net\/wp-content\/uploads\/2023\/09\/3470b1f6-b1c3-45dc-909e-91b5976604db-e1694684628623-480x480.jpeg 480w, https:\/\/www.radmon.net\/wp-content\/uploads\/2023\/09\/3470b1f6-b1c3-45dc-909e-91b5976604db-e1694684628623-320x320.jpeg 320w, https:\/\/www.radmon.net\/wp-content\/uploads\/2023\/09\/3470b1f6-b1c3-45dc-909e-91b5976604db-e1694684628623-400x400.jpeg 400w, https:\/\/www.radmon.net\/wp-content\/uploads\/2023\/09\/3470b1f6-b1c3-45dc-909e-91b5976604db-e1694684628623-367x367.jpeg 367w\" sizes=\"(max-width: 480px) 100vw, 480px\"><style>.elementor-element-375ee06 .porto-ibanner-layer {left: 50%;right: unset;top: 50%;bottom: unset;transform: translate(-50%, -50%);}<\/style>\t\t\t<div class=\"elementor-column-wrap\">\r\n\t\t\t\t\t\t\t<div class=\"porto-ibanner-layer elementor-widget-wrap\">\r\n\t\t\t\t\t\t\t\t<\/div>\r\n\t\t\t\t\t<\/div>\r\n\t\t\t\t<\/div>\r\n\t\t\t\t<div class=\"elementor-column elementor-col-50 elementor-top-column elementor-element elementor-element-cb09935\" data-id=\"cb09935\" data-element_type=\"column\" data-settings=\"{&quot;background_background&quot;:&quot;classic&quot;}\">\r\n\t\t\t\t\t<div class=\"col-half-section col-half-section-right col-fullwidth-md elementor-column-wrap elementor-element-populated\">\r\n\t\t\t\t\t\t\t<div class=\"elementor-widget-wrap\">\r\n\t\t\t\t\t\t<div class=\"elementor-element elementor-element-74f0c40 ml-lg-auto mr-lg-5 elementor-widget__width-initial elementor-absolute elementor-widget elementor-widget-porto_ultimate_heading\" data-id=\"74f0c40\" data-element_type=\"widget\" data-settings=\"{&quot;_position&quot;:&quot;absolute&quot;}\" data-widget_type=\"porto_ultimate_heading.default\">\n\t\t\t\t<div class=\"elementor-widget-container\">\n\t\t\t<div class=\"porto-u-heading  porto-u-6920\"><div class=\"porto-u-main-heading\"><h3    style=\"margin-bottom: 16px;\">E\u011fitimlerimiz<\/h3><\/div><div class=\"porto-u-sub-heading\" style=\"\"><ul><li style=\"text-align: left;\">Radyasyondan Korunma ve Ta\u015f\u0131nabilir Radyasyon \u00d6l\u00e7\u00fcm Cihaz\u0131 E\u011fitimi<hr \/><\/li><li style=\"text-align: left;\">Radyasyon \u00d6l\u00e7\u00fcm\u00fc ve Radyasyondan Korunma <span style=\"color: #000000;\"><span style=\"color: #000000;\"><strong>(R\u00d6RK)<\/strong><\/span><\/span><hr \/><\/li><li style=\"text-align: left;\">End\u00fcstriyel Uygulamalarda Radyasyondan Korunma <span style=\"color: #000000;\"><span style=\"color: #000000;\"><strong>(EURK)<\/strong><\/span><\/span><hr \/><\/li><li style=\"text-align: left;\">End\u00fcstriyel Radyografide Radyasyondan Korunma <strong><strong><span style=\"color: #000000;\">(ERRK)<\/span><\/strong><\/strong><hr \/><\/li><li style=\"text-align: left;\">Tan\u0131sal Radyolojide Radyasyondan Korunma <strong><strong><span style=\"color: #000000;\">(TRRK)<\/span><\/strong><\/strong><hr \/><\/li><li style=\"text-align: left;\">Radyoaktif Madde Ta\u015f\u0131mac\u0131l\u0131\u011f\u0131nda Radyasyondan Korunma <strong><span style=\"color: #000000;\">(RMTRK)<\/span><\/strong><hr \/><\/li><\/ul><\/div><style>.porto-u-6920.porto-u-heading{text-align:left}<\/style><\/div>\t\t<\/div>\n\t\t\t\t<\/div>\n\t\t\t\t\t\t<\/div>\r\n\t\t\t\t\t<\/div>\r\n\t\t\t\t<\/div>\r\n\t\t\t\t\t<\/div>\r\n\t\t\t\t\t<\/div>\r\n\t\t\t\t<\/div>\r\n\t\t\t\t<section class=\"elementor-section elementor-top-section elementor-element elementor-element-14612d9 elementor-section-boxed elementor-section-height-default elementor-section-height-default\" data-id=\"14612d9\" data-element_type=\"section\">\r\n\t\t\r\n\t\t\t\t\t\t\t<div class=\"elementor-container elementor-column-gap-default\">\r\n\t\t\t\t\t\t\t\t<div class=\"elementor-row\">\r\n\t\t\t\t\t\t\t<div class=\"elementor-column elementor-col-100 elementor-top-column elementor-element elementor-element-9f4d527\" data-id=\"9f4d527\" data-element_type=\"column\">\r\n\t\t\t\t\t<div class=\"elementor-column-wrap elementor-element-populated\">\r\n\t\t\t\t\t\t\t<div class=\"elementor-widget-wrap\">\r\n\t\t\t\t\t\t<div class=\"elementor-element elementor-element-82381b7 elementor-widget elementor-widget-spacer\" data-id=\"82381b7\" data-element_type=\"widget\" data-widget_type=\"spacer.default\">\n\t\t\t\t<div class=\"elementor-widget-container\">\n\t\t\t<style>\/*! elementor - v3.21.0 - 30-04-2024 *\/\n.elementor-column .elementor-spacer-inner{height:var(--spacer-size)}.e-con{--container-widget-width:100%}.e-con-inner>.elementor-widget-spacer,.e-con>.elementor-widget-spacer{width:var(--container-widget-width,var(--spacer-size));--align-self:var(--container-widget-align-self,initial);--flex-shrink:0}.e-con-inner>.elementor-widget-spacer>.elementor-widget-container,.e-con>.elementor-widget-spacer>.elementor-widget-container{height:100%;width:100%}.e-con-inner>.elementor-widget-spacer>.elementor-widget-container>.elementor-spacer,.e-con>.elementor-widget-spacer>.elementor-widget-container>.elementor-spacer{height:100%}.e-con-inner>.elementor-widget-spacer>.elementor-widget-container>.elementor-spacer>.elementor-spacer-inner,.e-con>.elementor-widget-spacer>.elementor-widget-container>.elementor-spacer>.elementor-spacer-inner{height:var(--container-widget-height,var(--spacer-size))}.e-con-inner>.elementor-widget-spacer.elementor-widget-empty,.e-con>.elementor-widget-spacer.elementor-widget-empty{position:relative;min-height:22px;min-width:22px}.e-con-inner>.elementor-widget-spacer.elementor-widget-empty .elementor-widget-empty-icon,.e-con>.elementor-widget-spacer.elementor-widget-empty .elementor-widget-empty-icon{position:absolute;top:0;bottom:0;left:0;right:0;margin:auto;padding:0;width:22px;height:22px}<\/style>\t\t<div class=\"elementor-spacer\">\n\t\t\t<div class=\"elementor-spacer-inner\"><\/div>\n\t\t<\/div>\n\t\t\t\t<\/div>\n\t\t\t\t<\/div>\n\t\t\t\t\t\t<\/div>\r\n\t\t\t\t\t<\/div>\r\n\t\t\t\t<\/div>\r\n\t\t\t\t\t<\/div>\r\n\t\t\t\t\t<\/div>\r\n\t\t\t\t<\/section>\r\n\t\t\t\t<div class=\"elementor-section elementor-top-section elementor-element elementor-element-4218909 elementor-section-boxed elementor-section-height-default elementor-section-height-default\" data-id=\"4218909\" data-element_type=\"section\" id=\"section-brand\">\r\n\t\t\r\n\t\t\t\t\t\t\t<div class=\"elementor-container elementor-column-gap-default\">\r\n\t\t\t\t\t\t\t\t<div class=\"elementor-row\">\r\n\t\t\t\t\t\t\t<div class=\"elementor-column elementor-col-50 elementor-top-column elementor-element elementor-element-cba22d6\" data-id=\"cba22d6\" data-element_type=\"column\">\r\n\t\t\t\t\t<div class=\"elementor-column-wrap elementor-element-populated\">\r\n\t\t\t\t\t\t\t<div class=\"elementor-widget-wrap\">\r\n\t\t\t\t\t\t<div class=\"elementor-element elementor-element-81397e2 brands  elementor-widget elementor-widget-porto_image_gallery\" data-id=\"81397e2\" data-element_type=\"widget\" data-settings=\"{&quot;spacing&quot;:{&quot;unit&quot;:&quot;px&quot;,&quot;size&quot;:24,&quot;sizes&quot;:[]},&quot;view&quot;:&quot;grid&quot;}\" data-widget_type=\"porto_image_gallery.default\">\n\t\t\t\t<div class=\"elementor-widget-container\">\n\t\t\t<div class=\"porto-gallery has-ccols ccols-1 has-ccols-spacing ccols-sm-2 porto-gallery-grid align-items-center\"><a href=\"https:\/\/www.radmon.net\/wp-content\/uploads\/2023\/09\/Egitim-Programi.jpg\"><figure><img decoding=\"async\" width=\"1395\" height=\"838\" src=\"https:\/\/www.radmon.net\/wp-content\/uploads\/2023\/09\/Egitim-Programi.jpg\" class=\"attachment-full size-full\" alt=\"\" srcset=\"https:\/\/www.radmon.net\/wp-content\/uploads\/2023\/09\/Egitim-Programi.jpg 1395w, https:\/\/www.radmon.net\/wp-content\/uploads\/2023\/09\/Egitim-Programi-1024x615.jpg 1024w, https:\/\/www.radmon.net\/wp-content\/uploads\/2023\/09\/Egitim-Programi-768x461.jpg 768w, https:\/\/www.radmon.net\/wp-content\/uploads\/2023\/09\/Egitim-Programi-320x192.jpg 320w, https:\/\/www.radmon.net\/wp-content\/uploads\/2023\/09\/Egitim-Programi-480x288.jpg 480w, https:\/\/www.radmon.net\/wp-content\/uploads\/2023\/09\/Egitim-Programi-800x481.jpg 800w, https:\/\/www.radmon.net\/wp-content\/uploads\/2023\/09\/Egitim-Programi-640x384.jpg 640w, https:\/\/www.radmon.net\/wp-content\/uploads\/2023\/09\/Egitim-Programi-400x240.jpg 400w, https:\/\/www.radmon.net\/wp-content\/uploads\/2023\/09\/Egitim-Programi-600x360.jpg 600w\" sizes=\"(max-width: 1395px) 100vw, 1395px\" \/><\/figure><\/a><a href=\"https:\/\/www.radmon.net\/wp-content\/uploads\/2023\/09\/2023_Yl_Snav_Takvimi.png\"><figure><img loading=\"lazy\" decoding=\"async\" width=\"1240\" height=\"1754\" src=\"https:\/\/www.radmon.net\/wp-content\/uploads\/2023\/09\/2023_Yl_Snav_Takvimi.png\" class=\"attachment-full size-full\" alt=\"\" srcset=\"https:\/\/www.radmon.net\/wp-content\/uploads\/2023\/09\/2023_Yl_Snav_Takvimi.png 1240w, https:\/\/www.radmon.net\/wp-content\/uploads\/2023\/09\/2023_Yl_Snav_Takvimi-724x1024.png 724w, https:\/\/www.radmon.net\/wp-content\/uploads\/2023\/09\/2023_Yl_Snav_Takvimi-768x1086.png 768w, https:\/\/www.radmon.net\/wp-content\/uploads\/2023\/09\/2023_Yl_Snav_Takvimi-1086x1536.png 1086w, https:\/\/www.radmon.net\/wp-content\/uploads\/2023\/09\/2023_Yl_Snav_Takvimi-320x453.png 320w, https:\/\/www.radmon.net\/wp-content\/uploads\/2023\/09\/2023_Yl_Snav_Takvimi-480x679.png 480w, https:\/\/www.radmon.net\/wp-content\/uploads\/2023\/09\/2023_Yl_Snav_Takvimi-800x1132.png 800w, https:\/\/www.radmon.net\/wp-content\/uploads\/2023\/09\/2023_Yl_Snav_Takvimi-640x905.png 640w, https:\/\/www.radmon.net\/wp-content\/uploads\/2023\/09\/2023_Yl_Snav_Takvimi-400x566.png 400w, https:\/\/www.radmon.net\/wp-content\/uploads\/2023\/09\/2023_Yl_Snav_Takvimi-600x849.png 600w\" sizes=\"(max-width: 1240px) 100vw, 1240px\" \/><\/figure><\/a><\/div>\t\t<\/div>\n\t\t\t\t<\/div>\n\t\t\t\t\t\t<\/div>\r\n\t\t\t\t\t<\/div>\r\n\t\t\t\t<\/div>\r\n\t\t\t\t<div class=\"elementor-column elementor-col-50 elementor-top-column elementor-element elementor-element-c6aec49\" data-id=\"c6aec49\" data-element_type=\"column\">\r\n\t\t\t\t\t<div class=\"elementor-column-wrap elementor-element-populated\">\r\n\t\t\t\t\t\t\t<div class=\"elementor-widget-wrap\">\r\n\t\t\t\t\t\t<div class=\"elementor-element elementor-element-2724a7d m-b-lg elementor-widget elementor-widget-porto_ultimate_heading\" data-id=\"2724a7d\" data-element_type=\"widget\" data-widget_type=\"porto_ultimate_heading.default\">\n\t\t\t\t<div class=\"elementor-widget-container\">\n\t\t\t<div class=\"porto-u-heading  porto-u-6773\"><div class=\"porto-u-main-heading\"><h3    style=\"margin-bottom: 16px;\">E\u011fitim ve S\u0131nav Takvimi<\/h3><\/div><div class=\"porto-u-sub-heading\" style=\"\"><p>Size Uygun E\u011fitim Tarihlerini ve TENMAK S\u0131nav Programlar\u0131na Eri\u015fimi Yandaki Takvimlerden Bulabilirsiniz.<\/p><\/div><style>.porto-u-6773.porto-u-heading{text-align:left}<\/style><\/div>\t\t<\/div>\n\t\t\t\t<\/div>\n\t\t\t\t<div class=\"elementor-element elementor-element-5558385 custom-btn-link elementor-widget elementor-widget-porto_button\" data-id=\"5558385\" data-element_type=\"widget\" data-widget_type=\"porto_button.default\">\n\t\t\t\t<div class=\"elementor-widget-container\">\n\t\t\t<a aria-label=\"button\" class=\"btn btn-md btn-modern btn-icon btn-icon-right hover-icon-pulse-left-right\" href=\"http:\/\/www.radmon.net\/?page_id=75\"><span >E\u011fitimlerimize kay\u0131t olmak i\u00e7in bize ula\u015f\u0131n<\/span><i class=\"porto-icon-arrow-forward-right\"><\/i><\/a>\t\t<\/div>\n\t\t\t\t<\/div>\n\t\t\t\t<div class=\"elementor-element elementor-element-0f3251f elementor-widget elementor-widget-spacer\" data-id=\"0f3251f\" data-element_type=\"widget\" data-widget_type=\"spacer.default\">\n\t\t\t\t<div class=\"elementor-widget-container\">\n\t\t\t\t\t<div class=\"elementor-spacer\">\n\t\t\t<div class=\"elementor-spacer-inner\"><\/div>\n\t\t<\/div>\n\t\t\t\t<\/div>\n\t\t\t\t<\/div>\n\t\t\t\t\t\t<\/div>\r\n\t\t\t\t\t<\/div>\r\n\t\t\t\t<\/div>\r\n\t\t\t\t\t<\/div>\r\n\t\t\t\t\t<\/div>\r\n\t\t\t\t<\/div>\r\n\t\t\t\t<\/div>\n\t\t","protected":false},"excerpt":{"rendered":"<p>Radyasyondan Korunma E\u011fitimleri TENMAK onayl\u0131 e\u011fitim kurulu\u015flar\u0131 ile i\u015fbirli\u011fi yaparak m\u00fc\u015fterilerimize radyasyonla ilgili kapsaml\u0131 e\u011fitimler sunuyoruz. Radyasyon g\u00fcvenli\u011fi konusunda bilin\u00e7lenmeyi ve uzmanla\u015fmay\u0131 te\u015fvik ediyoruz. E\u011fitimlerimiz Radyasyondan Korunma ve Ta\u015f\u0131nabilir Radyasyon \u00d6l\u00e7\u00fcm Cihaz\u0131 E\u011fitimi Radyasyon \u00d6l\u00e7\u00fcm\u00fc ve Radyasyondan Korunma (R\u00d6RK) End\u00fcstriyel Uygulamalarda Radyasyondan Korunma (EURK) End\u00fcstriyel Radyografide Radyasyondan Korunma (ERRK) Tan\u0131sal Radyolojide Radyasyondan Korunma (TRRK) Radyoaktif [&hellip;]<\/p>\n","protected":false},"author":3,"featured_media":0,"parent":3419,"menu_order":0,"comment_status":"closed","ping_status":"closed","template":"","meta":{"_acf_changed":false,"footnotes":""},"acf":[],"_links":{"self":[{"href":"https:\/\/www.radmon.net\/index.php?rest_route=\/wp\/v2\/pages\/3429"}],"collection":[{"href":"https:\/\/www.radmon.net\/index.php?rest_route=\/wp\/v2\/pages"}],"about":[{"href":"https:\/\/www.radmon.net\/index.php?rest_route=\/wp\/v2\/types\/page"}],"author":[{"embeddable":true,"href":"https:\/\/www.radmon.net\/index.php?rest_route=\/wp\/v2\/users\/3"}],"replies":[{"embeddable":true,"href":"https:\/\/www.radmon.net\/index.php?rest_route=%2Fwp%2Fv2%2Fcomments&post=3429"}],"version-history":[{"count":13,"href":"https:\/\/www.radmon.net\/index.php?rest_route=\/wp\/v2\/pages\/3429\/revisions"}],"predecessor-version":[{"id":3633,"href":"https:\/\/www.radmon.net\/index.php?rest_route=\/wp\/v2\/pages\/3429\/revisions\/3633"}],"up":[{"embeddable":true,"href":"https:\/\/www.radmon.net\/index.php?rest_route=\/wp\/v2\/pages\/3419"}],"wp:attachment":[{"href":"https:\/\/www.radmon.net\/index.php?rest_route=%2Fwp%2Fv2%2Fmedia&parent=3429"}],"curies":[{"name":"wp","href":"https:\/\/api.w.org\/{rel}","templated":true}]}}