{"id":3441,"date":"2023-09-11T19:45:33","date_gmt":"2023-09-11T16:45:33","guid":{"rendered":"http:\/\/www.radmon.net\/?page_id=3441"},"modified":"2023-09-26T01:18:14","modified_gmt":"2023-09-25T22:18:14","slug":"urunlerimiz","status":"publish","type":"page","link":"https:\/\/www.radmon.net\/?page_id=3441","title":{"rendered":"\u00dcr\u00fcnlerimiz"},"content":{"rendered":"\t\t<div data-elementor-type=\"wp-page\" data-elementor-id=\"3441\" class=\"elementor elementor-3441\">\n\t\t\t\t\t\t<section class=\"elementor-section elementor-top-section elementor-element elementor-element-0d3be4b elementor-section-boxed elementor-section-height-default elementor-section-height-default\" data-id=\"0d3be4b\" data-element_type=\"section\">\r\n\t\t\r\n\t\t\t\t\t\t\t<div class=\"elementor-container elementor-column-gap-default\">\r\n\t\t\t\t\t\t\t\t<div class=\"elementor-row\">\r\n\t\t\t\t\t\t\t<div class=\"elementor-column elementor-col-100 elementor-top-column elementor-element elementor-element-d5fa8bb\" data-id=\"d5fa8bb\" data-element_type=\"column\">\r\n\t\t\t\t\t<div class=\"elementor-column-wrap elementor-element-populated\">\r\n\t\t\t\t\t\t\t<div class=\"elementor-widget-wrap\">\r\n\t\t\t\t\t\t<div class=\"elementor-element elementor-element-f5b5bed elementor-widget elementor-widget-spacer\" data-id=\"f5b5bed\" data-element_type=\"widget\" data-widget_type=\"spacer.default\">\n\t\t\t\t<div class=\"elementor-widget-container\">\n\t\t\t<style>\/*! elementor - v3.21.0 - 30-04-2024 *\/\n.elementor-column .elementor-spacer-inner{height:var(--spacer-size)}.e-con{--container-widget-width:100%}.e-con-inner>.elementor-widget-spacer,.e-con>.elementor-widget-spacer{width:var(--container-widget-width,var(--spacer-size));--align-self:var(--container-widget-align-self,initial);--flex-shrink:0}.e-con-inner>.elementor-widget-spacer>.elementor-widget-container,.e-con>.elementor-widget-spacer>.elementor-widget-container{height:100%;width:100%}.e-con-inner>.elementor-widget-spacer>.elementor-widget-container>.elementor-spacer,.e-con>.elementor-widget-spacer>.elementor-widget-container>.elementor-spacer{height:100%}.e-con-inner>.elementor-widget-spacer>.elementor-widget-container>.elementor-spacer>.elementor-spacer-inner,.e-con>.elementor-widget-spacer>.elementor-widget-container>.elementor-spacer>.elementor-spacer-inner{height:var(--container-widget-height,var(--spacer-size))}.e-con-inner>.elementor-widget-spacer.elementor-widget-empty,.e-con>.elementor-widget-spacer.elementor-widget-empty{position:relative;min-height:22px;min-width:22px}.e-con-inner>.elementor-widget-spacer.elementor-widget-empty .elementor-widget-empty-icon,.e-con>.elementor-widget-spacer.elementor-widget-empty .elementor-widget-empty-icon{position:absolute;top:0;bottom:0;left:0;right:0;margin:auto;padding:0;width:22px;height:22px}<\/style>\t\t<div class=\"elementor-spacer\">\n\t\t\t<div class=\"elementor-spacer-inner\"><\/div>\n\t\t<\/div>\n\t\t\t\t<\/div>\n\t\t\t\t<\/div>\n\t\t\t\t\t\t<\/div>\r\n\t\t\t\t\t<\/div>\r\n\t\t\t\t<\/div>\r\n\t\t\t\t\t<\/div>\r\n\t\t\t\t\t<\/div>\r\n\t\t\t\t<\/section>\r\n\t\t\t\t<section class=\"elementor-section elementor-top-section elementor-element elementor-element-3989a78 elementor-section-boxed elementor-section-height-default elementor-section-height-default\" data-id=\"3989a78\" data-element_type=\"section\">\r\n\t\t\r\n\t\t\t\t\t\t\t<div class=\"elementor-container elementor-column-gap-default\">\r\n\t\t\t\t\t\t\t\t<div class=\"elementor-row\">\r\n\t\t\t\t\t\t\t<div class=\"elementor-column elementor-col-33 elementor-top-column elementor-element elementor-element-f9ccd3d\" data-id=\"f9ccd3d\" data-element_type=\"column\">\r\n\t\t\t\t\t<div class=\"elementor-column-wrap elementor-element-populated\">\r\n\t\t\t\t\t\t\t<div class=\"elementor-widget-wrap\">\r\n\t\t\t\t\t\t<div class=\"elementor-element elementor-element-7dcac6f elementor-widget elementor-widget-porto_info_box\" data-id=\"7dcac6f\" data-element_type=\"widget\" data-widget_type=\"porto_info_box.default\">\n\t\t\t\t<div class=\"elementor-widget-container\">\n\t\t\t<a class=\"porto-sicon-box-link\" href=\"http:\/\/www.radmon.net\/?page_id=3444\" rel=\"nofollow\"><div class=\"porto-sicon-box style_1 top-icon\"><div class=\"porto-sicon-top\"><div id=\"porto-icon-97529982669e3a8dfce987\" class=\"porto-just-icon-wrapper porto-sicon-img\" style=\"\"><img fetchpriority=\"high\" decoding=\"async\" class=\"img-icon\" alt=\"\" src=\"https:\/\/www.radmon.net\/wp-content\/uploads\/2023\/08\/IMG-20230825-WA0011-e1695679304137.jpg\" width=\"700\" height=\"700\" \/><\/div><\/div><div class=\"porto-sicon-header\"><h4 class=\"porto-sicon-title\" style=\"\">RADMON RA-21<\/h4><p >Plastik Sintilat\u00f6r Dedekt\u00f6r Sistemi<\/p><\/div> <!-- header --><\/div><!-- porto-sicon-box --><\/a>\t\t<\/div>\n\t\t\t\t<\/div>\n\t\t\t\t\t\t<\/div>\r\n\t\t\t\t\t<\/div>\r\n\t\t\t\t<\/div>\r\n\t\t\t\t<div class=\"elementor-column elementor-col-33 elementor-top-column elementor-element elementor-element-e465fcf\" data-id=\"e465fcf\" data-element_type=\"column\">\r\n\t\t\t\t\t<div class=\"elementor-column-wrap elementor-element-populated\">\r\n\t\t\t\t\t\t\t<div class=\"elementor-widget-wrap\">\r\n\t\t\t\t\t\t<div class=\"elementor-element elementor-element-b475936 elementor-widget elementor-widget-porto_info_box\" data-id=\"b475936\" data-element_type=\"widget\" data-widget_type=\"porto_info_box.default\">\n\t\t\t\t<div class=\"elementor-widget-container\">\n\t\t\t<a class=\"porto-sicon-box-link\" href=\"http:\/\/www.radmon.net\/?page_id=3447\" rel=\"nofollow\"><div class=\"porto-sicon-box style_1 top-icon\"><div class=\"porto-sicon-top\"><div id=\"porto-icon-79714418169e3a8dfcfa35\" class=\"porto-just-icon-wrapper porto-sicon-img\" style=\"\"><img decoding=\"async\" class=\"img-icon\" alt=\"\" src=\"https:\/\/www.radmon.net\/wp-content\/uploads\/2023\/09\/IMG_8128-scaled-e1695679259596.jpg\" width=\"700\" height=\"700\" \/><\/div><\/div><div class=\"porto-sicon-header\"><h4 class=\"porto-sicon-title\" style=\"\">RADMON RA-25<\/h4><p >Plastik Sintilat\u00f6r Dedekt\u00f6r Sistemi<\/p><\/div> <!-- header --><\/div><!-- porto-sicon-box --><\/a>\t\t<\/div>\n\t\t\t\t<\/div>\n\t\t\t\t\t\t<\/div>\r\n\t\t\t\t\t<\/div>\r\n\t\t\t\t<\/div>\r\n\t\t\t\t<div class=\"elementor-column elementor-col-33 elementor-top-column elementor-element elementor-element-817bb91\" data-id=\"817bb91\" data-element_type=\"column\">\r\n\t\t\t\t\t<div class=\"elementor-column-wrap elementor-element-populated\">\r\n\t\t\t\t\t\t\t<div class=\"elementor-widget-wrap\">\r\n\t\t\t\t\t\t<div class=\"elementor-element elementor-element-27f539f elementor-widget elementor-widget-porto_info_box\" data-id=\"27f539f\" data-element_type=\"widget\" data-widget_type=\"porto_info_box.default\">\n\t\t\t\t<div class=\"elementor-widget-container\">\n\t\t\t<a class=\"porto-sicon-box-link\" href=\"http:\/\/www.radmon.net\/?page_id=3450\" rel=\"nofollow\"><div class=\"porto-sicon-box style_1 top-icon\"><div class=\"porto-sicon-top\"><div id=\"porto-icon-101338091869e3a8dfd0878\" class=\"porto-just-icon-wrapper porto-sicon-img\" style=\"\"><img decoding=\"async\" class=\"img-icon\" alt=\"\" src=\"https:\/\/www.radmon.net\/wp-content\/uploads\/2023\/09\/1155c846-c761-4326-a500-e1a66a5c7491-e1695679483541.jpg\" width=\"700\" height=\"700\" \/><\/div><\/div><div class=\"porto-sicon-header\"><h4 class=\"porto-sicon-title\" style=\"\">RADMON RA-27<\/h4><p >Plastik Sintilat\u00f6r Dedekt\u00f6r Sistemi<\/p><\/div> <!-- header --><\/div><!-- porto-sicon-box --><\/a>\t\t<\/div>\n\t\t\t\t<\/div>\n\t\t\t\t\t\t<\/div>\r\n\t\t\t\t\t<\/div>\r\n\t\t\t\t<\/div>\r\n\t\t\t\t\t<\/div>\r\n\t\t\t\t\t<\/div>\r\n\t\t\t\t<\/section>\r\n\t\t\t\t<section class=\"elementor-section elementor-top-section elementor-element elementor-element-9a7e961 elementor-section-boxed elementor-section-height-default elementor-section-height-default\" data-id=\"9a7e961\" data-element_type=\"section\">\r\n\t\t\r\n\t\t\t\t\t\t\t<div class=\"elementor-container elementor-column-gap-default\">\r\n\t\t\t\t\t\t\t\t<div class=\"elementor-row\">\r\n\t\t\t\t\t\t\t<div class=\"elementor-column elementor-col-50 elementor-top-column elementor-element elementor-element-51f733b\" data-id=\"51f733b\" data-element_type=\"column\">\r\n\t\t\t\t\t<div class=\"elementor-column-wrap elementor-element-populated\">\r\n\t\t\t\t\t\t\t<div class=\"elementor-widget-wrap\">\r\n\t\t\t\t\t\t<div class=\"elementor-element elementor-element-c7534e2 elementor-widget elementor-widget-porto_info_box\" data-id=\"c7534e2\" data-element_type=\"widget\" data-widget_type=\"porto_info_box.default\">\n\t\t\t\t<div class=\"elementor-widget-container\">\n\t\t\t<a class=\"porto-sicon-box-link\" href=\"http:\/\/www.radmon.net\/?page_id=3453\" rel=\"nofollow\"><div class=\"porto-sicon-box style_1 top-icon\"><div class=\"porto-sicon-top\"><div id=\"porto-icon-183019680169e3a8dfd2032\" class=\"porto-just-icon-wrapper porto-sicon-img\" style=\"\"><img loading=\"lazy\" decoding=\"async\" class=\"img-icon\" alt=\"\" src=\"https:\/\/www.radmon.net\/wp-content\/uploads\/2023\/09\/be436f87-a868-4022-ae1e-204bcadb2305-e1695679564759.jpg\" width=\"1050\" height=\"1400\" \/><\/div><\/div><div class=\"porto-sicon-header\"><h4 class=\"porto-sicon-title\" style=\"\">RADMON RA-211<\/h4><p >Plastik Sintilat\u00f6r Dedekt\u00f6r Sistemi<\/p><\/div> <!-- header --><\/div><!-- porto-sicon-box --><\/a>\t\t<\/div>\n\t\t\t\t<\/div>\n\t\t\t\t\t\t<\/div>\r\n\t\t\t\t\t<\/div>\r\n\t\t\t\t<\/div>\r\n\t\t\t\t<div class=\"elementor-column elementor-col-50 elementor-top-column elementor-element elementor-element-9a4cb16\" data-id=\"9a4cb16\" data-element_type=\"column\">\r\n\t\t\t\t\t<div class=\"elementor-column-wrap elementor-element-populated\">\r\n\t\t\t\t\t\t\t<div class=\"elementor-widget-wrap\">\r\n\t\t\t\t\t\t<div class=\"elementor-element elementor-element-5278080 elementor-widget elementor-widget-porto_info_box\" data-id=\"5278080\" data-element_type=\"widget\" data-widget_type=\"porto_info_box.default\">\n\t\t\t\t<div class=\"elementor-widget-container\">\n\t\t\t<a class=\"porto-sicon-box-link\" href=\"http:\/\/www.radmon.net\/?page_id=3456\" rel=\"nofollow\"><div class=\"porto-sicon-box style_1 top-icon\"><div class=\"porto-sicon-top\"><div id=\"porto-icon-40446598069e3a8dfd2fc5\" class=\"porto-just-icon-wrapper porto-sicon-img\" style=\"\"><img loading=\"lazy\" decoding=\"async\" class=\"img-icon\" alt=\"\" src=\"https:\/\/www.radmon.net\/wp-content\/uploads\/2023\/09\/WhatsApp-Gorsel-2023-09-26-saat-01.11.56.jpg\" width=\"1024\" height=\"767\" \/><\/div><\/div><div class=\"porto-sicon-header\"><h4 class=\"porto-sicon-title\" style=\"\">\u00d6ZEL \u00dcRET\u0130M <\/h4><p >Y\u00fcksek Hacimli ve Hassasiyetli Plastik Sintilat\u00f6r Dedekt\u00f6r Sistemleri<\/p><\/div> <!-- header --><\/div><!-- porto-sicon-box --><\/a>\t\t<\/div>\n\t\t\t\t<\/div>\n\t\t\t\t\t\t<\/div>\r\n\t\t\t\t\t<\/div>\r\n\t\t\t\t<\/div>\r\n\t\t\t\t\t<\/div>\r\n\t\t\t\t\t<\/div>\r\n\t\t\t\t<\/section>\r\n\t\t\t\t<\/div>\n\t\t","protected":false},"excerpt":{"rendered":"<p>RADMON RA-21 Plastik Sintilat\u00f6r Dedekt\u00f6r Sistemi RADMON RA-25 Plastik Sintilat\u00f6r Dedekt\u00f6r Sistemi RADMON RA-27 Plastik Sintilat\u00f6r Dedekt\u00f6r Sistemi RADMON RA-211 Plastik Sintilat\u00f6r Dedekt\u00f6r Sistemi \u00d6ZEL \u00dcRET\u0130M Y\u00fcksek Hacimli ve Hassasiyetli Plastik Sintilat\u00f6r Dedekt\u00f6r Sistemleri<\/p>\n","protected":false},"author":3,"featured_media":0,"parent":0,"menu_order":0,"comment_status":"closed","ping_status":"closed","template":"","meta":{"_acf_changed":false,"footnotes":""},"acf":[],"_links":{"self":[{"href":"https:\/\/www.radmon.net\/index.php?rest_route=\/wp\/v2\/pages\/3441"}],"collection":[{"href":"https:\/\/www.radmon.net\/index.php?rest_route=\/wp\/v2\/pages"}],"about":[{"href":"https:\/\/www.radmon.net\/index.php?rest_route=\/wp\/v2\/types\/page"}],"author":[{"embeddable":true,"href":"https:\/\/www.radmon.net\/index.php?rest_route=\/wp\/v2\/users\/3"}],"replies":[{"embeddable":true,"href":"https:\/\/www.radmon.net\/index.php?rest_route=%2Fwp%2Fv2%2Fcomments&post=3441"}],"version-history":[{"count":7,"href":"https:\/\/www.radmon.net\/index.php?rest_route=\/wp\/v2\/pages\/3441\/revisions"}],"predecessor-version":[{"id":3739,"href":"https:\/\/www.radmon.net\/index.php?rest_route=\/wp\/v2\/pages\/3441\/revisions\/3739"}],"wp:attachment":[{"href":"https:\/\/www.radmon.net\/index.php?rest_route=%2Fwp%2Fv2%2Fmedia&parent=3441"}],"curies":[{"name":"wp","href":"https:\/\/api.w.org\/{rel}","templated":true}]}}