{"id":3444,"date":"2023-09-11T19:48:28","date_gmt":"2023-09-11T16:48:28","guid":{"rendered":"http:\/\/www.radmon.net\/?page_id=3444"},"modified":"2023-09-26T13:34:24","modified_gmt":"2023-09-26T10:34:24","slug":"radmon-ra-21-panel-dedektor-sistemi","status":"publish","type":"page","link":"https:\/\/www.radmon.net\/?page_id=3444","title":{"rendered":"RADMON RA-21 Panel Dedekt\u00f6r Sistemi"},"content":{"rendered":"\t\t<div data-elementor-type=\"wp-page\" data-elementor-id=\"3444\" class=\"elementor elementor-3444\">\n\t\t\t\t\t\t<section class=\"elementor-section elementor-top-section elementor-element elementor-element-6072afe elementor-section-boxed elementor-section-height-default elementor-section-height-default\" data-id=\"6072afe\" data-element_type=\"section\">\r\n\t\t\r\n\t\t\t\t\t\t\t<div class=\"elementor-container elementor-column-gap-default\">\r\n\t\t\t\t\t\t\t\t<div class=\"elementor-row\">\r\n\t\t\t\t\t\t\t<div class=\"elementor-column elementor-col-100 elementor-top-column elementor-element elementor-element-98c105d\" data-id=\"98c105d\" data-element_type=\"column\">\r\n\t\t\t\t\t<div class=\"elementor-column-wrap\">\r\n\t\t\t\t\t\t\t<div class=\"elementor-widget-wrap\">\r\n\t\t\t\t\t\t\t\t<\/div>\r\n\t\t\t\t\t<\/div>\r\n\t\t\t\t<\/div>\r\n\t\t\t\t\t<\/div>\r\n\t\t\t\t\t<\/div>\r\n\t\t\t\t<\/section>\r\n\t\t\t\t<section class=\"elementor-section elementor-top-section elementor-element elementor-element-5873a53 elementor-section-boxed elementor-section-height-default elementor-section-height-default\" data-id=\"5873a53\" data-element_type=\"section\">\r\n\t\t\r\n\t\t\t\t\t\t\t<div class=\"elementor-container elementor-column-gap-default\">\r\n\t\t\t\t\t\t\t\t<div class=\"elementor-row\">\r\n\t\t\t\t\t\t\t<div class=\"elementor-column elementor-col-33 elementor-top-column elementor-element elementor-element-21ec3dd\" data-id=\"21ec3dd\" data-element_type=\"column\">\r\n\t\t\t\t\t<div class=\"elementor-column-wrap elementor-element-populated\">\r\n\t\t\t\t\t\t\t<div class=\"elementor-widget-wrap\">\r\n\t\t\t\t\t\t<div class=\"elementor-element elementor-element-320aa5d elementor-widget__width-initial elementor-invisible elementor-widget elementor-widget-porto_price_box\" data-id=\"320aa5d\" data-element_type=\"widget\" data-settings=\"{&quot;_animation&quot;:&quot;fadeIn&quot;}\" data-widget_type=\"porto_price_box.default\">\n\t\t\t\t<div class=\"elementor-widget-container\">\n\t\t\t<div class=\"pricing-table\"><div class=\"porto-price-box plan  plan-custom\"><h3><strong >Spesifikasyonlar<\/strong><em class=\"desc\">Plastik Sintilat\u00f6r Dedekt\u00f6r Sistemi<\/em><span class=\"plan-price\"><span class=\"price\">RA-21<\/span><\/span><\/h3><ul>\n<li style=\"text-align: center;\"><span style=\"font-size: 14px;\"><strong><strong>2 x 1 Litre Hacimli BC408 S\u0131n\u0131f\u0131 Plastik Sintilat\u00f6r<\/strong><\/strong><\/span><\/li>\n<li style=\"text-align: center;\"><span style=\"font-size: 14px;\"><strong>\u00a0Yaya Kontrol\u00fc ve Ara\u00e7 Kontrol\u00fc\u00a0<\/strong><\/span><\/li>\n<li>Dahili Sesli Alarm<\/li>\n<li>4,3\u201d Dokunmatik LCD Ekran<\/li>\n<li>Dahili Ak\u00fc Sistemi ile Elektrik Kesintilerinde \u00c7al\u0131\u015fmay\u0131 S\u00fcrd\u00fcr\u00fcr<\/li>\n<li>Otomatik Background Say\u0131m \u00c7\u0131karma ve Tek Tu\u015f ile Rapor Alabilme \u00d6zelli\u011fi<\/li>\n<li>1 \u00b5Ci Cs-137 i\u00e7in 1.000 CPS Say\u0131m Hassasiyeti<\/li>\n<li>-20\u00b0 C \/ 60\u00b0 C Aras\u0131 \u00c7al\u0131\u015fma Performans\u0131<\/li>\n<li>Radyasyon Ge\u00e7irgenli\u011fi Y\u00fcksek, D\u0131\u015f Ortam Ko\u015fullar\u0131na Kar\u015f\u0131 Dayan\u0131kl\u0131 Al\u00fcminyum Kasa<\/li>\n<li>1500 VDC +- 1% Reg\u00fcleli Y\u00fcksek Voltaj Limiti<\/li>\n<li>Dedekt\u00f6r Ba\u015f\u0131na Sadece 5 KG<\/li>\n<li>\n<table width=\"607\">\n<tbody>\n<tr>\n<td width=\"418\">550mm x 150 mm x 100 mm \u00d6l\u00e7\u00fclerinde<\/td>\n<\/tr>\n<\/tbody>\n<\/table>\n<\/li>\n<\/ul>\n<\/div><\/div>\t\t<\/div>\n\t\t\t\t<\/div>\n\t\t\t\t\t\t<\/div>\r\n\t\t\t\t\t<\/div>\r\n\t\t\t\t<\/div>\r\n\t\t\t\t<div class=\"elementor-column elementor-col-66 elementor-top-column elementor-element elementor-element-5dd1cf1\" data-id=\"5dd1cf1\" data-element_type=\"column\">\r\n\t\t\t\t\t<div class=\"elementor-column-wrap elementor-element-populated\">\r\n\t\t\t\t\t\t\t<div class=\"elementor-widget-wrap\">\r\n\t\t\t\t\t\t<div class=\"elementor-element elementor-element-aa9d08e elementor-widget elementor-widget-porto_info_box\" data-id=\"aa9d08e\" data-element_type=\"widget\" data-widget_type=\"porto_info_box.default\">\n\t\t\t\t<div class=\"elementor-widget-container\">\n\t\t\t<div class=\"porto-sicon-box style_1 default-icon flex-wrap\"><div class=\"porto-sicon-default\"><div id=\"porto-icon-41397640469e3a91c83089\" class=\"porto-just-icon-wrapper porto-sicon-img\" style=\"\"><img fetchpriority=\"high\" decoding=\"async\" class=\"img-icon\" alt=\"\" src=\"https:\/\/www.radmon.net\/wp-content\/uploads\/2023\/08\/IMG-20230825-WA0011-e1695679304137.jpg\" width=\"700\" height=\"700\" \/><\/div><\/div><div class=\"porto-sicon-header\"><h1 class=\"porto-sicon-title\" style=\"\">RADMON RA-21<\/h1><p >Plastik Sintilat\u00f6r Dedekt\u00f6r Sistemi<\/p><\/div> <!-- header --><div class=\"porto-sicon-description\" style=\"\" ><p><span style=\"color: #323643;\">RADMON<\/span> \u00fcr\u00fcn ailesinin en k\u00fc\u00e7\u00fck hacimli \u00fcyesi olan <span style=\"color: #323643;\">RA-21<\/span>, radyasyon \u00f6l\u00e7\u00fcm\u00fcnde siz de\u011ferli m\u00fc\u015fterilerimize m\u00fckemmel hassasiyet, g\u00fcvenilirlik ve kullan\u0131m kolayl\u0131\u011f\u0131 sunar.<\/p><p><span style=\"font-size: 20px; color: #323643;\"><strong>Anahtar \u00d6zellikler:<\/strong><\/span><\/p><p><span style=\"color: #323643;\"><strong>\u00dcst\u00fcn Hassasiyet<\/strong>: RA-21<\/span>, radyasyon seviyelerini en y\u00fcksek hassasiyetle \u00f6l\u00e7er. G\u00fcvenilir sonu\u00e7lar i\u00e7in tercih edilen se\u00e7enektir.<\/p><p><span style=\"color: #323643;\"><strong>Kolay Kullan\u0131m<\/strong>:<\/span> Basit aray\u00fcz\u00fc ve kullan\u0131c\u0131 dostu tasar\u0131m\u0131 ile her seviyede kullan\u0131c\u0131 i\u00e7in uygundur. H\u0131zl\u0131 ve do\u011fru \u00f6l\u00e7\u00fcm yapmak hi\u00e7 bu kadar kolay olmam\u0131\u015ft\u0131.<\/p><p><span style=\"color: #323643;\"><strong>Dayan\u0131kl\u0131l\u0131k<\/strong>:<\/span> Kompakt ve hafif tasar\u0131m\u0131n\u0131n yan\u0131 s\u0131ra zorlu sahalarda kullan\u0131m i\u00e7in idealdir.<\/p><p><span style=\"color: #323643; font-size: 20px;\"><strong>Neden RADMON RA-21 Plastik Sintilat\u00f6r Dedekt\u00f6r Sistemi?<\/strong><\/span><\/p><p><span style=\"color: #323643;\">RADMON RA-21<\/span>, radyasyon \u00f6l\u00e7\u00fcm\u00fcne yeni bir boyut kazand\u0131r\u0131yor. Y\u00fcksek hassasiyeti ve kolay kullan\u0131m\u0131 ile uzmanlar i\u00e7in ideal bir se\u00e7enektir. G\u00fcvende olmak, hassas \u00f6l\u00e7\u00fcmler yapmak ve do\u011fru sonu\u00e7lara ula\u015fmak i\u00e7in <span style=\"color: #323643;\">RA-21<\/span>'\u0131 g\u00f6n\u00fcl rahatl\u0131\u011f\u0131 ile tercih edebilirsiniz.<\/p><p>Radyasyonun do\u011fru ve g\u00fcvenilir bir \u015fekilde \u00f6l\u00e7\u00fclmesi hayati \u00f6nem ta\u015f\u0131r, ve bu konuda <span style=\"color: #323643;\">RADMON <\/span>olarak size en iyisini sunmaktan gurur duyuyoruz. <span style=\"color: #323643;\">RA-21<\/span>, bu taahh\u00fcd\u00fcm\u00fcz\u00fcn yans\u0131malar\u0131ndan bir tanesidir.<\/p><p>Detayl\u0131 bilgi ve sipari\u015f i\u00e7in l\u00fctfen bizimle ileti\u015fime ge\u00e7in.<\/p><div id='gallery-1' class='gallery galleryid-3444 gallery-columns-4 gallery-size-thumbnail'><figure class='gallery-item'>\n\t\t\t<div class='gallery-icon landscape'>\n\t\t\t\t<a href='https:\/\/www.radmon.net\/wp-content\/uploads\/2023\/08\/IMG-20230825-WA0012.jpg'><img decoding=\"async\" width=\"150\" height=\"150\" src=\"https:\/\/www.radmon.net\/wp-content\/uploads\/2023\/08\/IMG-20230825-WA0012-150x150.jpg\" class=\"attachment-thumbnail size-thumbnail\" alt=\"\" \/><\/a>\n\t\t\t<\/div><\/figure><figure class='gallery-item'>\n\t\t\t<div class='gallery-icon landscape'>\n\t\t\t\t<a href='https:\/\/www.radmon.net\/wp-content\/uploads\/2023\/08\/IMG-20230825-WA0016.jpg'><img decoding=\"async\" width=\"150\" height=\"150\" src=\"https:\/\/www.radmon.net\/wp-content\/uploads\/2023\/08\/IMG-20230825-WA0016-150x150.jpg\" class=\"attachment-thumbnail size-thumbnail\" alt=\"\" \/><\/a>\n\t\t\t<\/div><\/figure><figure class='gallery-item'>\n\t\t\t<div class='gallery-icon landscape'>\n\t\t\t\t<a href='https:\/\/www.radmon.net\/wp-content\/uploads\/2023\/08\/IMG-20230825-WA0011-e1695679304137.jpg'><img loading=\"lazy\" decoding=\"async\" width=\"150\" height=\"150\" src=\"https:\/\/www.radmon.net\/wp-content\/uploads\/2023\/08\/IMG-20230825-WA0011-150x150.jpg\" class=\"attachment-thumbnail size-thumbnail\" alt=\"\" \/><\/a>\n\t\t\t<\/div><\/figure><figure class='gallery-item'>\n\t\t\t<div class='gallery-icon landscape'>\n\t\t\t\t<a href='https:\/\/www.radmon.net\/wp-content\/uploads\/2022\/04\/ra-21.png'><img loading=\"lazy\" decoding=\"async\" width=\"150\" height=\"150\" src=\"https:\/\/www.radmon.net\/wp-content\/uploads\/2022\/04\/ra-21-150x150.png\" class=\"attachment-thumbnail size-thumbnail\" alt=\"\" \/><\/a>\n\t\t\t<\/div><\/figure>\n\t\t<\/div><\/div> <!-- description --><\/div><!-- porto-sicon-box -->\t\t<\/div>\n\t\t\t\t<\/div>\n\t\t\t\t\t\t<\/div>\r\n\t\t\t\t\t<\/div>\r\n\t\t\t\t<\/div>\r\n\t\t\t\t\t<\/div>\r\n\t\t\t\t\t<\/div>\r\n\t\t\t\t<\/section>\r\n\t\t\t\t<section class=\"elementor-section elementor-top-section elementor-element elementor-element-2adbf09 elementor-section-boxed elementor-section-height-default elementor-section-height-default\" data-id=\"2adbf09\" data-element_type=\"section\">\r\n\t\t\r\n\t\t\t\t\t\t\t<div class=\"elementor-container elementor-column-gap-default\">\r\n\t\t\t\t\t\t\t\t<div class=\"elementor-row\">\r\n\t\t\t\t\t\t\t<div class=\"elementor-column elementor-col-66 elementor-top-column elementor-element elementor-element-b18fb12\" data-id=\"b18fb12\" data-element_type=\"column\">\r\n\t\t\t\t\t<div class=\"elementor-column-wrap\">\r\n\t\t\t\t\t\t\t<div class=\"elementor-widget-wrap\">\r\n\t\t\t\t\t\t\t\t<\/div>\r\n\t\t\t\t\t<\/div>\r\n\t\t\t\t<\/div>\r\n\t\t\t\t<div class=\"elementor-column elementor-col-33 elementor-top-column elementor-element elementor-element-15047c0\" data-id=\"15047c0\" data-element_type=\"column\">\r\n\t\t\t\t\t<div class=\"elementor-column-wrap\">\r\n\t\t\t\t\t\t\t<div class=\"elementor-widget-wrap\">\r\n\t\t\t\t\t\t\t\t<\/div>\r\n\t\t\t\t\t<\/div>\r\n\t\t\t\t<\/div>\r\n\t\t\t\t\t<\/div>\r\n\t\t\t\t\t<\/div>\r\n\t\t\t\t<\/section>\r\n\t\t\t\t<\/div>\n\t\t","protected":false},"excerpt":{"rendered":"<p>SpesifikasyonlarPlastik Sintilat\u00f6r Dedekt\u00f6r SistemiRA-21 2 x 1 Litre Hacimli BC408 S\u0131n\u0131f\u0131 Plastik Sintilat\u00f6r \u00a0Yaya Kontrol\u00fc ve Ara\u00e7 Kontrol\u00fc\u00a0 Dahili Sesli Alarm 4,3\u201d Dokunmatik LCD Ekran Dahili Ak\u00fc Sistemi ile Elektrik Kesintilerinde \u00c7al\u0131\u015fmay\u0131 S\u00fcrd\u00fcr\u00fcr Otomatik Background Say\u0131m \u00c7\u0131karma ve Tek Tu\u015f ile Rapor Alabilme \u00d6zelli\u011fi 1 \u00b5Ci Cs-137 i\u00e7in 1.000 CPS Say\u0131m Hassasiyeti -20\u00b0 C \/ [&hellip;]<\/p>\n","protected":false},"author":3,"featured_media":0,"parent":3441,"menu_order":0,"comment_status":"closed","ping_status":"closed","template":"","meta":{"_acf_changed":false,"footnotes":""},"acf":[],"_links":{"self":[{"href":"https:\/\/www.radmon.net\/index.php?rest_route=\/wp\/v2\/pages\/3444"}],"collection":[{"href":"https:\/\/www.radmon.net\/index.php?rest_route=\/wp\/v2\/pages"}],"about":[{"href":"https:\/\/www.radmon.net\/index.php?rest_route=\/wp\/v2\/types\/page"}],"author":[{"embeddable":true,"href":"https:\/\/www.radmon.net\/index.php?rest_route=\/wp\/v2\/users\/3"}],"replies":[{"embeddable":true,"href":"https:\/\/www.radmon.net\/index.php?rest_route=%2Fwp%2Fv2%2Fcomments&post=3444"}],"version-history":[{"count":37,"href":"https:\/\/www.radmon.net\/index.php?rest_route=\/wp\/v2\/pages\/3444\/revisions"}],"predecessor-version":[{"id":3762,"href":"https:\/\/www.radmon.net\/index.php?rest_route=\/wp\/v2\/pages\/3444\/revisions\/3762"}],"up":[{"embeddable":true,"href":"https:\/\/www.radmon.net\/index.php?rest_route=\/wp\/v2\/pages\/3441"}],"wp:attachment":[{"href":"https:\/\/www.radmon.net\/index.php?rest_route=%2Fwp%2Fv2%2Fmedia&parent=3444"}],"curies":[{"name":"wp","href":"https:\/\/api.w.org\/{rel}","templated":true}]}}