{"id":3447,"date":"2023-09-11T20:08:02","date_gmt":"2023-09-11T17:08:02","guid":{"rendered":"http:\/\/www.radmon.net\/?page_id=3447"},"modified":"2023-09-25T23:36:20","modified_gmt":"2023-09-25T20:36:20","slug":"radmon-ra-25-panel-dedektor-sistemi","status":"publish","type":"page","link":"https:\/\/www.radmon.net\/?page_id=3447","title":{"rendered":"RADMON RA-25 Panel Dedekt\u00f6r Sistemi"},"content":{"rendered":"\t\t<div data-elementor-type=\"wp-page\" data-elementor-id=\"3447\" class=\"elementor elementor-3447\">\n\t\t\t\t\t\t<section class=\"elementor-section elementor-top-section elementor-element elementor-element-fced0cb elementor-section-boxed elementor-section-height-default elementor-section-height-default\" data-id=\"fced0cb\" data-element_type=\"section\">\r\n\t\t\r\n\t\t\t\t\t\t\t<div class=\"elementor-container elementor-column-gap-default\">\r\n\t\t\t\t\t\t\t\t<div class=\"elementor-row\">\r\n\t\t\t\t\t\t\t<div class=\"elementor-column elementor-col-50 elementor-top-column elementor-element elementor-element-75e5fae\" data-id=\"75e5fae\" data-element_type=\"column\">\r\n\t\t\t\t\t<div class=\"elementor-column-wrap elementor-element-populated\">\r\n\t\t\t\t\t\t\t<div class=\"elementor-widget-wrap\">\r\n\t\t\t\t\t\t<div class=\"elementor-element elementor-element-85dd42b elementor-widget__width-initial elementor-invisible elementor-widget elementor-widget-porto_price_box\" data-id=\"85dd42b\" data-element_type=\"widget\" data-settings=\"{&quot;_animation&quot;:&quot;fadeIn&quot;}\" data-widget_type=\"porto_price_box.default\">\n\t\t\t\t<div class=\"elementor-widget-container\">\n\t\t\t<div class=\"pricing-table\"><div class=\"porto-price-box plan  plan-custom\"><h3><strong >Spesifikasyonlar<\/strong><em class=\"desc\">Plastik Sintilat\u00f6r Dedekt\u00f6r Sistemi<\/em><span class=\"plan-price\"><span class=\"price\">RA-25<\/span><\/span><\/h3><ul>\n<li style=\"text-align: center;\"><span style=\"font-size: 14px;\"><strong><strong>2 x 5 Litre Hacimli BC408 S\u0131n\u0131f\u0131 Plastik Sintilat\u00f6r<\/strong><\/strong><\/span><\/li>\n<li style=\"text-align: center;\"><span style=\"font-size: 14px;\"><strong>\u00a0Yaya Kontrol\u00fc ve Ara\u00e7 Kontrol\u00fc\u00a0<\/strong><\/span><\/li>\n<li>Dahili Sesli Alarm<\/li>\n<li>11,6\u201d Dokunmatik LCD Ekran<\/li>\n<li>Dahili Ak\u00fc Sistemi ile Elektrik Kesintilerinde \u00c7al\u0131\u015fmay\u0131 S\u00fcrd\u00fcr\u00fcr<\/li>\n<li>Otomatik Background Say\u0131m \u00c7\u0131karma ve Tek Tu\u015f ile Rapor Alabilme \u00d6zelli\u011fi<\/li>\n<li>1 \u00b5Ci Cs-137 i\u00e7in 3.000 CPS Say\u0131m Hassasiyeti<\/li>\n<li>-20\u00b0 C \/ 60\u00b0 C Aras\u0131 \u00c7al\u0131\u015fma Performans\u0131<\/li>\n<li>Radyasyon Ge\u00e7irgenli\u011fi Y\u00fcksek, D\u0131\u015f Ortam Ko\u015fullar\u0131na Kar\u015f\u0131 Dayan\u0131kl\u0131 Al\u00fcminyum Kasa<\/li>\n<li>1500 VDC +- 1% Reg\u00fcleli Y\u00fcksek Voltaj Limiti<\/li>\n<li>Dedekt\u00f6r Ba\u015f\u0131na Sadece 8 KG<\/li>\n<li>\n<table width=\"607\">\n<tbody>\n<tr>\n<td width=\"418\">1480mm x 150 mm x 100 mm \u00d6l\u00e7\u00fclerinde<\/td>\n<\/tr>\n<\/tbody>\n<\/table>\n<\/li>\n<\/ul>\n<\/div><\/div>\t\t<\/div>\n\t\t\t\t<\/div>\n\t\t\t\t\t\t<\/div>\r\n\t\t\t\t\t<\/div>\r\n\t\t\t\t<\/div>\r\n\t\t\t\t<div class=\"elementor-column elementor-col-50 elementor-top-column elementor-element elementor-element-ad34326\" data-id=\"ad34326\" data-element_type=\"column\">\r\n\t\t\t\t\t<div class=\"elementor-column-wrap elementor-element-populated\">\r\n\t\t\t\t\t\t\t<div class=\"elementor-widget-wrap\">\r\n\t\t\t\t\t\t<div class=\"elementor-element elementor-element-52900b3 elementor-widget elementor-widget-porto_info_box\" data-id=\"52900b3\" data-element_type=\"widget\" data-widget_type=\"porto_info_box.default\">\n\t\t\t\t<div class=\"elementor-widget-container\">\n\t\t\t<div class=\"porto-sicon-box style_1 default-icon flex-wrap\"><div class=\"porto-sicon-default\"><div id=\"porto-icon-23908683569e3a8e19db89\" class=\"porto-just-icon-wrapper porto-sicon-img\" style=\"\"><img fetchpriority=\"high\" decoding=\"async\" class=\"img-icon\" alt=\"\" src=\"https:\/\/www.radmon.net\/wp-content\/uploads\/2023\/08\/IMG-20230825-WA0014.jpg\" width=\"768\" height=\"1024\" \/><\/div><\/div><div class=\"porto-sicon-header\"><h1 class=\"porto-sicon-title\" style=\"\">RADMON RA-25<\/h1><p >Plastik Sintilat\u00f6r Dedekt\u00f6r Sistemi<\/p><\/div> <!-- header --><div class=\"porto-sicon-description\" style=\"\" ><p><span style=\"color: #323643;\">RADMON<\/span> \u00fcr\u00fcn ailesinin en \u00e7ok tercih edilen \u00fcyelerinden olan <span style=\"color: #323643;\">RA-25<\/span>, radyasyon \u00f6l\u00e7\u00fcm\u00fcnde siz de\u011ferli m\u00fc\u015fterilerimize m\u00fckemmel hassasiyet, g\u00fcvenilirlik ve kullan\u0131m kolayl\u0131\u011f\u0131 sunar.<\/p><p><span style=\"font-size: 20px; color: #323643;\"><strong>Anahtar \u00d6zellikler:<\/strong><\/span><\/p><p><span style=\"color: #323643;\"><strong>\u00dcst\u00fcn Hassasiyet<\/strong>: RA-25<\/span>, radyasyon seviyelerini en y\u00fcksek hassasiyetle \u00f6l\u00e7er. G\u00fcvenilir sonu\u00e7lar i\u00e7in tercih edilen se\u00e7enektir.<\/p><p><span style=\"color: #323643;\"><strong>Kolay Kullan\u0131m<\/strong>:<\/span> Basit aray\u00fcz\u00fc ve kullan\u0131c\u0131 dostu tasar\u0131m\u0131 ile her seviyede kullan\u0131c\u0131 i\u00e7in uygundur. H\u0131zl\u0131 ve do\u011fru \u00f6l\u00e7\u00fcm yapmak hi\u00e7 bu kadar kolay olmam\u0131\u015ft\u0131.<\/p><p><span style=\"color: #323643;\"><strong>Dayan\u0131kl\u0131l\u0131k<\/strong>:<\/span> Kompakt ve hafif tasar\u0131m\u0131n\u0131n yan\u0131 s\u0131ra zorlu sahalarda kullan\u0131m i\u00e7in idealdir.<\/p><p><span style=\"color: #323643; font-size: 20px;\"><strong>Neden RADMON RA-25 Plastik Sintilat\u00f6r Dedekt\u00f6r Sistemi?<\/strong><\/span><\/p><p><span style=\"color: #323643;\">RADMON RA-25<\/span>, radyasyon \u00f6l\u00e7\u00fcm\u00fcne yeni bir boyut kazand\u0131r\u0131yor. Y\u00fcksek hassasiyeti ve kolay kullan\u0131m\u0131 ile uzmanlar i\u00e7in ideal bir se\u00e7enektir. G\u00fcvende olmak, hassas \u00f6l\u00e7\u00fcmler yapmak ve do\u011fru sonu\u00e7lara ula\u015fmak i\u00e7in <span style=\"color: #323643;\">RA-25<\/span>'i g\u00f6n\u00fcl rahatl\u0131\u011f\u0131 ile tercih edebilirsiniz.<\/p><p>Radyasyonun do\u011fru ve g\u00fcvenilir bir \u015fekilde \u00f6l\u00e7\u00fclmesi hayati \u00f6nem ta\u015f\u0131r, ve bu konuda <span style=\"color: #323643;\">RADMON <\/span>olarak size en iyisini sunmaktan gurur duyuyoruz. <span style=\"color: #323643;\">RA-25<\/span>, bu taahh\u00fcd\u00fcm\u00fcz\u00fcn yans\u0131malar\u0131ndan bir tanesidir.<\/p><p>Detayl\u0131 bilgi ve sipari\u015f i\u00e7in l\u00fctfen bizimle ileti\u015fime ge\u00e7in.<\/p><div id='gallery-1' class='gallery galleryid-3447 gallery-columns-4 gallery-size-thumbnail'><figure class='gallery-item'>\n\t\t\t<div class='gallery-icon portrait'>\n\t\t\t\t<a href='https:\/\/www.radmon.net\/wp-content\/uploads\/2023\/09\/IMG-20230825-WA0014.jpg'><img decoding=\"async\" width=\"150\" height=\"150\" src=\"https:\/\/www.radmon.net\/wp-content\/uploads\/2023\/09\/IMG-20230825-WA0014-150x150.jpg\" class=\"attachment-thumbnail size-thumbnail\" alt=\"\" \/><\/a>\n\t\t\t<\/div><\/figure><figure class='gallery-item'>\n\t\t\t<div class='gallery-icon portrait'>\n\t\t\t\t<a href='https:\/\/www.radmon.net\/wp-content\/uploads\/2023\/09\/IMG-20230825-WA0015.jpg'><img decoding=\"async\" width=\"150\" height=\"150\" src=\"https:\/\/www.radmon.net\/wp-content\/uploads\/2023\/09\/IMG-20230825-WA0015-150x150.jpg\" class=\"attachment-thumbnail size-thumbnail\" alt=\"\" \/><\/a>\n\t\t\t<\/div><\/figure><figure class='gallery-item'>\n\t\t\t<div class='gallery-icon portrait'>\n\t\t\t\t<a href='https:\/\/www.radmon.net\/wp-content\/uploads\/2023\/09\/IMG-20230825-WA0022.jpg'><img loading=\"lazy\" decoding=\"async\" width=\"150\" height=\"150\" src=\"https:\/\/www.radmon.net\/wp-content\/uploads\/2023\/09\/IMG-20230825-WA0022-150x150.jpg\" class=\"attachment-thumbnail size-thumbnail\" alt=\"\" \/><\/a>\n\t\t\t<\/div><\/figure><figure class='gallery-item'>\n\t\t\t<div class='gallery-icon portrait'>\n\t\t\t\t<a href='https:\/\/www.radmon.net\/wp-content\/uploads\/2023\/09\/IMG-20230825-WA0023.jpg'><img loading=\"lazy\" decoding=\"async\" width=\"150\" height=\"150\" src=\"https:\/\/www.radmon.net\/wp-content\/uploads\/2023\/09\/IMG-20230825-WA0023-150x150.jpg\" class=\"attachment-thumbnail size-thumbnail\" alt=\"\" \/><\/a>\n\t\t\t<\/div><\/figure>\n\t\t<\/div><\/div> <!-- description --><\/div><!-- porto-sicon-box -->\t\t<\/div>\n\t\t\t\t<\/div>\n\t\t\t\t\t\t<\/div>\r\n\t\t\t\t\t<\/div>\r\n\t\t\t\t<\/div>\r\n\t\t\t\t\t<\/div>\r\n\t\t\t\t\t<\/div>\r\n\t\t\t\t<\/section>\r\n\t\t\t\t<section class=\"elementor-section elementor-top-section elementor-element elementor-element-bf883b6 elementor-section-boxed elementor-section-height-default elementor-section-height-default\" data-id=\"bf883b6\" data-element_type=\"section\">\r\n\t\t\r\n\t\t\t\t\t\t\t<div class=\"elementor-container elementor-column-gap-default\">\r\n\t\t\t\t\t\t\t\t<div class=\"elementor-row\">\r\n\t\t\t\t\t\t\t<div class=\"elementor-column elementor-col-100 elementor-top-column elementor-element elementor-element-d253c4c\" data-id=\"d253c4c\" data-element_type=\"column\">\r\n\t\t\t\t\t<div class=\"elementor-column-wrap elementor-element-populated\">\r\n\t\t\t\t\t\t\t<div class=\"elementor-widget-wrap\">\r\n\t\t\t\t\t\t<div class=\"elementor-element elementor-element-8e7695b elementor-widget elementor-widget-spacer\" data-id=\"8e7695b\" data-element_type=\"widget\" data-widget_type=\"spacer.default\">\n\t\t\t\t<div class=\"elementor-widget-container\">\n\t\t\t<style>\/*! elementor - v3.21.0 - 30-04-2024 *\/\n.elementor-column .elementor-spacer-inner{height:var(--spacer-size)}.e-con{--container-widget-width:100%}.e-con-inner>.elementor-widget-spacer,.e-con>.elementor-widget-spacer{width:var(--container-widget-width,var(--spacer-size));--align-self:var(--container-widget-align-self,initial);--flex-shrink:0}.e-con-inner>.elementor-widget-spacer>.elementor-widget-container,.e-con>.elementor-widget-spacer>.elementor-widget-container{height:100%;width:100%}.e-con-inner>.elementor-widget-spacer>.elementor-widget-container>.elementor-spacer,.e-con>.elementor-widget-spacer>.elementor-widget-container>.elementor-spacer{height:100%}.e-con-inner>.elementor-widget-spacer>.elementor-widget-container>.elementor-spacer>.elementor-spacer-inner,.e-con>.elementor-widget-spacer>.elementor-widget-container>.elementor-spacer>.elementor-spacer-inner{height:var(--container-widget-height,var(--spacer-size))}.e-con-inner>.elementor-widget-spacer.elementor-widget-empty,.e-con>.elementor-widget-spacer.elementor-widget-empty{position:relative;min-height:22px;min-width:22px}.e-con-inner>.elementor-widget-spacer.elementor-widget-empty .elementor-widget-empty-icon,.e-con>.elementor-widget-spacer.elementor-widget-empty .elementor-widget-empty-icon{position:absolute;top:0;bottom:0;left:0;right:0;margin:auto;padding:0;width:22px;height:22px}<\/style>\t\t<div class=\"elementor-spacer\">\n\t\t\t<div class=\"elementor-spacer-inner\"><\/div>\n\t\t<\/div>\n\t\t\t\t<\/div>\n\t\t\t\t<\/div>\n\t\t\t\t\t\t<\/div>\r\n\t\t\t\t\t<\/div>\r\n\t\t\t\t<\/div>\r\n\t\t\t\t\t<\/div>\r\n\t\t\t\t\t<\/div>\r\n\t\t\t\t<\/section>\r\n\t\t\t\t<\/div>\n\t\t","protected":false},"excerpt":{"rendered":"<p>SpesifikasyonlarPlastik Sintilat\u00f6r Dedekt\u00f6r SistemiRA-25 2 x 5 Litre Hacimli BC408 S\u0131n\u0131f\u0131 Plastik Sintilat\u00f6r \u00a0Yaya Kontrol\u00fc ve Ara\u00e7 Kontrol\u00fc\u00a0 Dahili Sesli Alarm 11,6\u201d Dokunmatik LCD Ekran Dahili Ak\u00fc Sistemi ile Elektrik Kesintilerinde \u00c7al\u0131\u015fmay\u0131 S\u00fcrd\u00fcr\u00fcr Otomatik Background Say\u0131m \u00c7\u0131karma ve Tek Tu\u015f ile Rapor Alabilme \u00d6zelli\u011fi 1 \u00b5Ci Cs-137 i\u00e7in 3.000 CPS Say\u0131m Hassasiyeti -20\u00b0 C \/ [&hellip;]<\/p>\n","protected":false},"author":3,"featured_media":0,"parent":3441,"menu_order":0,"comment_status":"closed","ping_status":"closed","template":"","meta":{"_acf_changed":false,"footnotes":""},"acf":[],"_links":{"self":[{"href":"https:\/\/www.radmon.net\/index.php?rest_route=\/wp\/v2\/pages\/3447"}],"collection":[{"href":"https:\/\/www.radmon.net\/index.php?rest_route=\/wp\/v2\/pages"}],"about":[{"href":"https:\/\/www.radmon.net\/index.php?rest_route=\/wp\/v2\/types\/page"}],"author":[{"embeddable":true,"href":"https:\/\/www.radmon.net\/index.php?rest_route=\/wp\/v2\/users\/3"}],"replies":[{"embeddable":true,"href":"https:\/\/www.radmon.net\/index.php?rest_route=%2Fwp%2Fv2%2Fcomments&post=3447"}],"version-history":[{"count":7,"href":"https:\/\/www.radmon.net\/index.php?rest_route=\/wp\/v2\/pages\/3447\/revisions"}],"predecessor-version":[{"id":3714,"href":"https:\/\/www.radmon.net\/index.php?rest_route=\/wp\/v2\/pages\/3447\/revisions\/3714"}],"up":[{"embeddable":true,"href":"https:\/\/www.radmon.net\/index.php?rest_route=\/wp\/v2\/pages\/3441"}],"wp:attachment":[{"href":"https:\/\/www.radmon.net\/index.php?rest_route=%2Fwp%2Fv2%2Fmedia&parent=3447"}],"curies":[{"name":"wp","href":"https:\/\/api.w.org\/{rel}","templated":true}]}}