{"id":3456,"date":"2023-09-11T20:11:10","date_gmt":"2023-09-11T17:11:10","guid":{"rendered":"http:\/\/www.radmon.net\/?page_id=3456"},"modified":"2023-09-11T20:11:10","modified_gmt":"2023-09-11T17:11:10","slug":"ozel-uretim-panel-dedektor-sistemi","status":"publish","type":"page","link":"https:\/\/www.radmon.net\/?page_id=3456","title":{"rendered":"\u00d6zel \u00dcretim Panel Dedekt\u00f6r Sistemi"},"content":{"rendered":"<p>\u00f6zel \u00fcretim<\/p>\n","protected":false},"excerpt":{"rendered":"<p>\u00f6zel \u00fcretim<\/p>\n","protected":false},"author":3,"featured_media":0,"parent":3441,"menu_order":0,"comment_status":"closed","ping_status":"closed","template":"","meta":{"_acf_changed":false,"footnotes":""},"acf":[],"_links":{"self":[{"href":"https:\/\/www.radmon.net\/index.php?rest_route=\/wp\/v2\/pages\/3456"}],"collection":[{"href":"https:\/\/www.radmon.net\/index.php?rest_route=\/wp\/v2\/pages"}],"about":[{"href":"https:\/\/www.radmon.net\/index.php?rest_route=\/wp\/v2\/types\/page"}],"author":[{"embeddable":true,"href":"https:\/\/www.radmon.net\/index.php?rest_route=\/wp\/v2\/users\/3"}],"replies":[{"embeddable":true,"href":"https:\/\/www.radmon.net\/index.php?rest_route=%2Fwp%2Fv2%2Fcomments&post=3456"}],"version-history":[{"count":1,"href":"https:\/\/www.radmon.net\/index.php?rest_route=\/wp\/v2\/pages\/3456\/revisions"}],"predecessor-version":[{"id":3457,"href":"https:\/\/www.radmon.net\/index.php?rest_route=\/wp\/v2\/pages\/3456\/revisions\/3457"}],"up":[{"embeddable":true,"href":"https:\/\/www.radmon.net\/index.php?rest_route=\/wp\/v2\/pages\/3441"}],"wp:attachment":[{"href":"https:\/\/www.radmon.net\/index.php?rest_route=%2Fwp%2Fv2%2Fmedia&parent=3456"}],"curies":[{"name":"wp","href":"https:\/\/api.w.org\/{rel}","templated":true}]}}